{"id":6000,"date":"2021-01-13T09:28:20","date_gmt":"2021-01-13T08:28:20","guid":{"rendered":"https:\/\/fraternite-politique.chemin-neuf.org\/?page_id=6000"},"modified":"2022-03-09T22:38:57","modified_gmt":"2022-03-09T21:38:57","slug":"informazioni-legali","status":"publish","type":"page","link":"https:\/\/fraternite-politique.chemin-neuf.org\/it\/informazioni-legali\/","title":{"rendered":"Informazioni legali"},"content":{"rendered":"\n<h4 class=\"wp-block-heading\"><strong>Editore:<\/strong><\/h4>\n\n\n\n<p>Communaut\u00e9 du Chemin Neuf<br>59 mont\u00e9e du Chemin Neuf, 69005 Lyon \u2013 FRANCE<\/p>\n\n\n\n<h4 class=\"wp-block-heading\"><strong>Responsabilit\u00e0 editoriale<\/strong>:<\/h4>\n\n\n\n<p>Prisca Horesnyi<\/p>\n\n\n\n<h4 class=\"wp-block-heading\"><strong>Webmestre<\/strong>:<\/h4>\n\n\n\n<p>Fr\u00e9d\u00e9ric Bourdeau<\/p>\n\n\n\n<h4 class=\"wp-block-heading\"><strong>Sviluppo web<\/strong>:<\/h4>\n\n\n\n<p>Comunit\u00e0 Chemin Neuf<\/p>\n\n\n\n<h4 class=\"wp-block-heading\"><strong>Ospite<\/strong>:<\/h4>\n\n\n\n<p>O2Switch<\/p>\n\n\n\n<h4 class=\"wp-block-heading\"><strong>Crediti per foto e video<\/strong>:<\/h4>\n\n\n\n<p>Foto e video: \u00a9 Comunit\u00e0 Chemin Neuf, Immagini da\u00a0<a href=\"https:\/\/pixabay.com\/\" target=\"_blank\" rel=\"noreferrer noopener\">Pixabay<\/a> e <a href=\"https:\/\/unsplash.com\/\" target=\"_blank\" rel=\"noreferrer noopener\">Unsplash<\/a><\/p>\n\n\n\n<h4 class=\"wp-block-heading\">Condizioni d&#8217;uso<\/h4>\n\n\n\n<p>Il copyright del sito \u00e8 riservato alla Comunit\u00e0 Chemin Neuf. \u00c8 quindi protetto dalle leggi internazionali sul copyright e sulla protezione della propriet\u00e0 intellettuale. \u00c8 severamente vietato riprodurlo, nella sua forma o contenuto, in tutto o in parte, senza il consenso scritto del direttore editoriale.<\/p>\n","protected":false},"excerpt":{"rendered":"<p>Editore: Communaut\u00e9 du Chemin Neuf59 mont\u00e9e du Chemin Neuf, 69005 Lyon \u2013 FRANCE Responsabilit\u00e0 editoriale: Prisca Horesnyi Webmestre: Fr\u00e9d\u00e9ric Bourdeau Sviluppo web: Comunit\u00e0 Chemin Neuf Ospite: O2Switch Crediti per foto e video: Foto e video: \u00a9 Comunit\u00e0 Chemin Neuf, Immagini da\u00a0Pixabay e Unsplash Condizioni d&#8217;uso Il copyright del sito \u00e8 riservato alla Comunit\u00e0 Chemin Neuf. [&hellip;]<\/p>\n","protected":false},"author":6,"featured_media":0,"parent":0,"menu_order":0,"comment_status":"closed","ping_status":"closed","template":"","meta":{"_acf_changed":false,"footnotes":""},"class_list":["post-6000","page","type-page","status-publish","hentry"],"acf":[],"yoast_head":"<!-- This site is optimized with the Yoast SEO plugin v27.5 - https:\/\/yoast.com\/product\/yoast-seo-wordpress\/ -->\n<title>Informazioni legali - Politics Fraternity Chemin Neuf Community<\/title>\n<meta name=\"description\" content=\"Editore: Communaut\u00e9 du Chemin Neuf59 mont\u00e9e du Chemin Neuf, 69005 Lyon \u2013 FRANCE Responsabilit\u00e0 editoriale: Prisca Horesnyi Webmestre: Fr\u00e9d\u00e9ric Bourdeau\" \/>\n<meta name=\"robots\" content=\"index, follow, max-snippet:-1, max-image-preview:large, max-video-preview:-1\" \/>\n<link rel=\"canonical\" href=\"https:\/\/fraternite-politique.chemin-neuf.org\/it\/informazioni-legali\/\" \/>\n<meta property=\"og:locale\" content=\"it_IT\" \/>\n<meta property=\"og:type\" content=\"article\" \/>\n<meta property=\"og:title\" content=\"Informazioni legali - Politics Fraternity Chemin Neuf Community\" \/>\n<meta property=\"og:description\" content=\"Editore: Communaut\u00e9 du Chemin Neuf59 mont\u00e9e du Chemin Neuf, 69005 Lyon \u2013 FRANCE Responsabilit\u00e0 editoriale: Prisca Horesnyi Webmestre: Fr\u00e9d\u00e9ric Bourdeau\" \/>\n<meta property=\"og:url\" content=\"https:\/\/fraternite-politique.chemin-neuf.org\/it\/informazioni-legali\/\" \/>\n<meta property=\"og:site_name\" content=\"Politics Fraternity Chemin Neuf Community\" \/>\n<meta property=\"article:publisher\" content=\"https:\/\/www.facebook.com\/fratpolitiqueccn\" \/>\n<meta property=\"article:modified_time\" content=\"2022-03-09T21:38:57+00:00\" \/>\n<meta name=\"twitter:card\" content=\"summary_large_image\" \/>\n<meta name=\"twitter:label1\" content=\"Tempo di lettura stimato\" \/>\n\t<meta name=\"twitter:data1\" content=\"1 minuto\" \/>\n<script type=\"application\/ld+json\" class=\"yoast-schema-graph\">{\"@context\":\"https:\\\/\\\/schema.org\",\"@graph\":[{\"@type\":\"WebPage\",\"@id\":\"https:\\\/\\\/fraternite-politique.chemin-neuf.org\\\/it\\\/informazioni-legali\\\/\",\"url\":\"https:\\\/\\\/fraternite-politique.chemin-neuf.org\\\/it\\\/informazioni-legali\\\/\",\"name\":\"Informazioni legali - Politics Fraternity Chemin Neuf Community\",\"isPartOf\":{\"@id\":\"https:\\\/\\\/fraternite-politique.chemin-neuf.org\\\/it\\\/#website\"},\"datePublished\":\"2021-01-13T08:28:20+00:00\",\"dateModified\":\"2022-03-09T21:38:57+00:00\",\"description\":\"Editore: Communaut\u00e9 du Chemin Neuf59 mont\u00e9e du Chemin Neuf, 69005 Lyon \u2013 FRANCE Responsabilit\u00e0 editoriale: Prisca Horesnyi Webmestre: Fr\u00e9d\u00e9ric Bourdeau\",\"breadcrumb\":{\"@id\":\"https:\\\/\\\/fraternite-politique.chemin-neuf.org\\\/it\\\/informazioni-legali\\\/#breadcrumb\"},\"inLanguage\":\"it-IT\",\"potentialAction\":[{\"@type\":\"ReadAction\",\"target\":[\"https:\\\/\\\/fraternite-politique.chemin-neuf.org\\\/it\\\/informazioni-legali\\\/\"]}]},{\"@type\":\"BreadcrumbList\",\"@id\":\"https:\\\/\\\/fraternite-politique.chemin-neuf.org\\\/it\\\/informazioni-legali\\\/#breadcrumb\",\"itemListElement\":[{\"@type\":\"ListItem\",\"position\":1,\"name\":\"Home\",\"item\":\"https:\\\/\\\/fraternite-politique.chemin-neuf.org\\\/it\\\/\"},{\"@type\":\"ListItem\",\"position\":2,\"name\":\"Informazioni legali\"}]},{\"@type\":\"WebSite\",\"@id\":\"https:\\\/\\\/fraternite-politique.chemin-neuf.org\\\/it\\\/#website\",\"url\":\"https:\\\/\\\/fraternite-politique.chemin-neuf.org\\\/it\\\/\",\"name\":\"Politics Fraternity Chemin Neuf Community\",\"description\":\"Politics Fraternity of Chemin Neuf Community\",\"publisher\":{\"@id\":\"https:\\\/\\\/fraternite-politique.chemin-neuf.org\\\/it\\\/#organization\"},\"potentialAction\":[{\"@type\":\"SearchAction\",\"target\":{\"@type\":\"EntryPoint\",\"urlTemplate\":\"https:\\\/\\\/fraternite-politique.chemin-neuf.org\\\/it\\\/?s={search_term_string}\"},\"query-input\":{\"@type\":\"PropertyValueSpecification\",\"valueRequired\":true,\"valueName\":\"search_term_string\"}}],\"inLanguage\":\"it-IT\"},{\"@type\":\"Organization\",\"@id\":\"https:\\\/\\\/fraternite-politique.chemin-neuf.org\\\/it\\\/#organization\",\"name\":\"Fraternit\u00e9 Politique Communaut\u00e9 du Chemin Neuf\",\"url\":\"https:\\\/\\\/fraternite-politique.chemin-neuf.org\\\/it\\\/\",\"logo\":{\"@type\":\"ImageObject\",\"inLanguage\":\"it-IT\",\"@id\":\"https:\\\/\\\/fraternite-politique.chemin-neuf.org\\\/it\\\/#\\\/schema\\\/logo\\\/image\\\/\",\"url\":\"https:\\\/\\\/fraternite-politique.chemin-neuf.org\\\/wp-content\\\/uploads\\\/2021\\\/02\\\/cropped-ccn-png-onglet-site-v3-large.png\",\"contentUrl\":\"https:\\\/\\\/fraternite-politique.chemin-neuf.org\\\/wp-content\\\/uploads\\\/2021\\\/02\\\/cropped-ccn-png-onglet-site-v3-large.png\",\"width\":512,\"height\":512,\"caption\":\"Fraternit\u00e9 Politique Communaut\u00e9 du Chemin Neuf\"},\"image\":{\"@id\":\"https:\\\/\\\/fraternite-politique.chemin-neuf.org\\\/it\\\/#\\\/schema\\\/logo\\\/image\\\/\"},\"sameAs\":[\"https:\\\/\\\/www.facebook.com\\\/fratpolitiqueccn\",\"https:\\\/\\\/instagram.com\\\/fratpo\",\"https:\\\/\\\/www.youtube.com\\\/channel\\\/UC6YodqkqOIniLyqOfjMLojw\"]}]}<\/script>\n<!-- \/ Yoast SEO plugin. -->","yoast_head_json":{"title":"Informazioni legali - Politics Fraternity Chemin Neuf Community","description":"Editore: Communaut\u00e9 du Chemin Neuf59 mont\u00e9e du Chemin Neuf, 69005 Lyon \u2013 FRANCE Responsabilit\u00e0 editoriale: Prisca Horesnyi Webmestre: Fr\u00e9d\u00e9ric Bourdeau","robots":{"index":"index","follow":"follow","max-snippet":"max-snippet:-1","max-image-preview":"max-image-preview:large","max-video-preview":"max-video-preview:-1"},"canonical":"https:\/\/fraternite-politique.chemin-neuf.org\/it\/informazioni-legali\/","og_locale":"it_IT","og_type":"article","og_title":"Informazioni legali - Politics Fraternity Chemin Neuf Community","og_description":"Editore: Communaut\u00e9 du Chemin Neuf59 mont\u00e9e du Chemin Neuf, 69005 Lyon \u2013 FRANCE Responsabilit\u00e0 editoriale: Prisca Horesnyi Webmestre: Fr\u00e9d\u00e9ric Bourdeau","og_url":"https:\/\/fraternite-politique.chemin-neuf.org\/it\/informazioni-legali\/","og_site_name":"Politics Fraternity Chemin Neuf Community","article_publisher":"https:\/\/www.facebook.com\/fratpolitiqueccn","article_modified_time":"2022-03-09T21:38:57+00:00","twitter_card":"summary_large_image","twitter_misc":{"Tempo di lettura stimato":"1 minuto"},"schema":{"@context":"https:\/\/schema.org","@graph":[{"@type":"WebPage","@id":"https:\/\/fraternite-politique.chemin-neuf.org\/it\/informazioni-legali\/","url":"https:\/\/fraternite-politique.chemin-neuf.org\/it\/informazioni-legali\/","name":"Informazioni legali - Politics Fraternity Chemin Neuf Community","isPartOf":{"@id":"https:\/\/fraternite-politique.chemin-neuf.org\/it\/#website"},"datePublished":"2021-01-13T08:28:20+00:00","dateModified":"2022-03-09T21:38:57+00:00","description":"Editore: Communaut\u00e9 du Chemin Neuf59 mont\u00e9e du Chemin Neuf, 69005 Lyon \u2013 FRANCE Responsabilit\u00e0 editoriale: Prisca Horesnyi Webmestre: Fr\u00e9d\u00e9ric Bourdeau","breadcrumb":{"@id":"https:\/\/fraternite-politique.chemin-neuf.org\/it\/informazioni-legali\/#breadcrumb"},"inLanguage":"it-IT","potentialAction":[{"@type":"ReadAction","target":["https:\/\/fraternite-politique.chemin-neuf.org\/it\/informazioni-legali\/"]}]},{"@type":"BreadcrumbList","@id":"https:\/\/fraternite-politique.chemin-neuf.org\/it\/informazioni-legali\/#breadcrumb","itemListElement":[{"@type":"ListItem","position":1,"name":"Home","item":"https:\/\/fraternite-politique.chemin-neuf.org\/it\/"},{"@type":"ListItem","position":2,"name":"Informazioni legali"}]},{"@type":"WebSite","@id":"https:\/\/fraternite-politique.chemin-neuf.org\/it\/#website","url":"https:\/\/fraternite-politique.chemin-neuf.org\/it\/","name":"Politics Fraternity Chemin Neuf Community","description":"Politics Fraternity of Chemin Neuf Community","publisher":{"@id":"https:\/\/fraternite-politique.chemin-neuf.org\/it\/#organization"},"potentialAction":[{"@type":"SearchAction","target":{"@type":"EntryPoint","urlTemplate":"https:\/\/fraternite-politique.chemin-neuf.org\/it\/?s={search_term_string}"},"query-input":{"@type":"PropertyValueSpecification","valueRequired":true,"valueName":"search_term_string"}}],"inLanguage":"it-IT"},{"@type":"Organization","@id":"https:\/\/fraternite-politique.chemin-neuf.org\/it\/#organization","name":"Fraternit\u00e9 Politique Communaut\u00e9 du Chemin Neuf","url":"https:\/\/fraternite-politique.chemin-neuf.org\/it\/","logo":{"@type":"ImageObject","inLanguage":"it-IT","@id":"https:\/\/fraternite-politique.chemin-neuf.org\/it\/#\/schema\/logo\/image\/","url":"https:\/\/fraternite-politique.chemin-neuf.org\/wp-content\/uploads\/2021\/02\/cropped-ccn-png-onglet-site-v3-large.png","contentUrl":"https:\/\/fraternite-politique.chemin-neuf.org\/wp-content\/uploads\/2021\/02\/cropped-ccn-png-onglet-site-v3-large.png","width":512,"height":512,"caption":"Fraternit\u00e9 Politique Communaut\u00e9 du Chemin Neuf"},"image":{"@id":"https:\/\/fraternite-politique.chemin-neuf.org\/it\/#\/schema\/logo\/image\/"},"sameAs":["https:\/\/www.facebook.com\/fratpolitiqueccn","https:\/\/instagram.com\/fratpo","https:\/\/www.youtube.com\/channel\/UC6YodqkqOIniLyqOfjMLojw"]}]}},"_links":{"self":[{"href":"https:\/\/fraternite-politique.chemin-neuf.org\/it\/wp-json\/wp\/v2\/pages\/6000","targetHints":{"allow":["GET"]}}],"collection":[{"href":"https:\/\/fraternite-politique.chemin-neuf.org\/it\/wp-json\/wp\/v2\/pages"}],"about":[{"href":"https:\/\/fraternite-politique.chemin-neuf.org\/it\/wp-json\/wp\/v2\/types\/page"}],"author":[{"embeddable":true,"href":"https:\/\/fraternite-politique.chemin-neuf.org\/it\/wp-json\/wp\/v2\/users\/6"}],"replies":[{"embeddable":true,"href":"https:\/\/fraternite-politique.chemin-neuf.org\/it\/wp-json\/wp\/v2\/comments?post=6000"}],"version-history":[{"count":1,"href":"https:\/\/fraternite-politique.chemin-neuf.org\/it\/wp-json\/wp\/v2\/pages\/6000\/revisions"}],"predecessor-version":[{"id":6001,"href":"https:\/\/fraternite-politique.chemin-neuf.org\/it\/wp-json\/wp\/v2\/pages\/6000\/revisions\/6001"}],"wp:attachment":[{"href":"https:\/\/fraternite-politique.chemin-neuf.org\/it\/wp-json\/wp\/v2\/media?parent=6000"}],"curies":[{"name":"wp","href":"https:\/\/api.w.org\/{rel}","templated":true}]}}