{"id":5672,"date":"2021-01-13T09:28:20","date_gmt":"2021-01-13T08:28:20","guid":{"rendered":"https:\/\/fraternite-politique.chemin-neuf.org\/?page_id=5672"},"modified":"2022-03-02T17:25:12","modified_gmt":"2022-03-02T16:25:12","slug":"jogi-informaciok","status":"publish","type":"page","link":"https:\/\/fraternite-politique.chemin-neuf.org\/hu\/jogi-informaciok\/","title":{"rendered":"Jogi inform\u00e1ci\u00f3k"},"content":{"rendered":"\n<h4 class=\"wp-block-heading\"><strong>Kiad\u00f3:<\/strong><\/h4>\n\n\n\n<p>Communaut\u00e9 du Chemin Neuf<br>59 mont\u00e9e du Chemin Neuf, 69005 Lyon \u2013 FRANCIAORSZ\u00c1G<\/p>\n\n\n\n<h4 class=\"wp-block-heading\"><strong>Szerkeszt\u0151s\u00e9gi igazgat\u00f3<\/strong>:<\/h4>\n\n\n\n<p>Prisca Horesnyi<\/p>\n\n\n\n<h4 class=\"wp-block-heading\"><strong>Webmester<\/strong>:<\/h4>\n\n\n\n<p>Fr\u00e9d\u00e9ric Bourdeau<\/p>\n\n\n\n<h4 class=\"wp-block-heading\"><strong>Webfejleszt\u00e9s<\/strong>:<\/h4>\n\n\n\n<p>Chemin Neuf k\u00f6z\u00f6ss\u00e9g<\/p>\n\n\n\n<h4 class=\"wp-block-heading\"><strong>H\u00e9bergeur<\/strong>&nbsp;:<\/h4>\n\n\n\n<p>O2Switch<\/p>\n\n\n\n<h4 class=\"wp-block-heading\"><strong>Cr\u00e9dits photographiques et vid\u00e9os<\/strong>&nbsp;:<\/h4>\n\n\n\n<p>For\u00f3k \u00e9s vide\u00f3k: \u00a9 Chemin Neuf k\u00f6z\u00f6ss\u00e9g, K\u00e9pek a\u00a0<a href=\"https:\/\/pixabay.com\/\" target=\"_blank\" rel=\"noreferrer noopener\">Pixabay<\/a>-r\u00f3l \u00e9s az <a href=\"https:\/\/unsplash.com\/\" target=\"_blank\" rel=\"noreferrer noopener\">Unsplash<\/a>-r\u00f3l<\/p>\n\n\n\n<h4 class=\"wp-block-heading\">Felhaszn\u00e1l\u00e1si felt\u00e9telek<\/h4>\n\n\n\n<p>Az oldal szerz\u0151i joga a Chemin Neuf K\u00f6z\u00f6ss\u00e9g\u00e9. Ez\u00e9rt ezt a szerz\u0151i jogra \u00e9s a szellemi tulajdon v\u00e9delm\u00e9re vonatkoz\u00f3 nemzetk\u00f6zi jogszab\u00e1lyok v\u00e9dik. Szigor\u00faan tilos a szerkeszt\u0151s\u00e9g vezet\u0151j\u00e9nek \u00edr\u00e1sos beleegyez\u00e9se n\u00e9lk\u00fcl a kiadv\u00e1nyt form\u00e1j\u00e1ban vagy tartalm\u00e1ban, r\u00e9szben vagy eg\u00e9szben reproduk\u00e1lni.<\/p>\n","protected":false},"excerpt":{"rendered":"<p>Kiad\u00f3: Communaut\u00e9 du Chemin Neuf59 mont\u00e9e du Chemin Neuf, 69005 Lyon \u2013 FRANCIAORSZ\u00c1G Szerkeszt\u0151s\u00e9gi igazgat\u00f3: Prisca Horesnyi Webmester: Fr\u00e9d\u00e9ric Bourdeau Webfejleszt\u00e9s: Chemin Neuf k\u00f6z\u00f6ss\u00e9g H\u00e9bergeur&nbsp;: O2Switch Cr\u00e9dits photographiques et vid\u00e9os&nbsp;: For\u00f3k \u00e9s vide\u00f3k: \u00a9 Chemin Neuf k\u00f6z\u00f6ss\u00e9g, K\u00e9pek a\u00a0Pixabay-r\u00f3l \u00e9s az Unsplash-r\u00f3l Felhaszn\u00e1l\u00e1si felt\u00e9telek Az oldal szerz\u0151i joga a Chemin Neuf K\u00f6z\u00f6ss\u00e9g\u00e9. Ez\u00e9rt ezt a [&hellip;]<\/p>\n","protected":false},"author":6,"featured_media":0,"parent":0,"menu_order":0,"comment_status":"closed","ping_status":"closed","template":"","meta":{"_acf_changed":false,"footnotes":""},"class_list":["post-5672","page","type-page","status-publish","hentry"],"acf":[],"yoast_head":"<!-- This site is optimized with the Yoast SEO plugin v27.5 - https:\/\/yoast.com\/product\/yoast-seo-wordpress\/ -->\n<title>Jogi inform\u00e1ci\u00f3k - Politics Fraternity Chemin Neuf Community<\/title>\n<meta name=\"description\" content=\"Kiad\u00f3: Communaut\u00e9 du Chemin Neuf59 mont\u00e9e du Chemin Neuf, 69005 Lyon \u2013 FRANCIAORSZ\u00c1G Szerkeszt\u0151s\u00e9gi igazgat\u00f3: Prisca Horesnyi Webmester: Fr\u00e9d\u00e9ric Bourdeau\" \/>\n<meta name=\"robots\" content=\"index, follow, max-snippet:-1, max-image-preview:large, max-video-preview:-1\" \/>\n<link rel=\"canonical\" href=\"https:\/\/fraternite-politique.chemin-neuf.org\/hu\/jogi-informaciok\/\" \/>\n<meta property=\"og:locale\" content=\"hu_HU\" \/>\n<meta property=\"og:type\" content=\"article\" \/>\n<meta property=\"og:title\" content=\"Jogi inform\u00e1ci\u00f3k - Politics Fraternity Chemin Neuf Community\" \/>\n<meta property=\"og:description\" content=\"Kiad\u00f3: Communaut\u00e9 du Chemin Neuf59 mont\u00e9e du Chemin Neuf, 69005 Lyon \u2013 FRANCIAORSZ\u00c1G Szerkeszt\u0151s\u00e9gi igazgat\u00f3: Prisca Horesnyi Webmester: Fr\u00e9d\u00e9ric Bourdeau\" \/>\n<meta property=\"og:url\" content=\"https:\/\/fraternite-politique.chemin-neuf.org\/hu\/jogi-informaciok\/\" \/>\n<meta property=\"og:site_name\" content=\"Politics Fraternity Chemin Neuf Community\" \/>\n<meta property=\"article:publisher\" content=\"https:\/\/www.facebook.com\/fratpolitiqueccn\" \/>\n<meta property=\"article:modified_time\" content=\"2022-03-02T16:25:12+00:00\" \/>\n<meta name=\"twitter:card\" content=\"summary_large_image\" \/>\n<meta name=\"twitter:label1\" content=\"Becs\u00fclt olvas\u00e1si id\u0151\" \/>\n\t<meta name=\"twitter:data1\" content=\"1 perc\" \/>\n<script type=\"application\/ld+json\" class=\"yoast-schema-graph\">{\"@context\":\"https:\\\/\\\/schema.org\",\"@graph\":[{\"@type\":\"WebPage\",\"@id\":\"https:\\\/\\\/fraternite-politique.chemin-neuf.org\\\/hu\\\/jogi-informaciok\\\/\",\"url\":\"https:\\\/\\\/fraternite-politique.chemin-neuf.org\\\/hu\\\/jogi-informaciok\\\/\",\"name\":\"Jogi inform\u00e1ci\u00f3k - Politics Fraternity Chemin Neuf Community\",\"isPartOf\":{\"@id\":\"https:\\\/\\\/fraternite-politique.chemin-neuf.org\\\/hu\\\/#website\"},\"datePublished\":\"2021-01-13T08:28:20+00:00\",\"dateModified\":\"2022-03-02T16:25:12+00:00\",\"description\":\"Kiad\u00f3: Communaut\u00e9 du Chemin Neuf59 mont\u00e9e du Chemin Neuf, 69005 Lyon \u2013 FRANCIAORSZ\u00c1G Szerkeszt\u0151s\u00e9gi igazgat\u00f3: Prisca Horesnyi Webmester: Fr\u00e9d\u00e9ric Bourdeau\",\"breadcrumb\":{\"@id\":\"https:\\\/\\\/fraternite-politique.chemin-neuf.org\\\/hu\\\/jogi-informaciok\\\/#breadcrumb\"},\"inLanguage\":\"hu\",\"potentialAction\":[{\"@type\":\"ReadAction\",\"target\":[\"https:\\\/\\\/fraternite-politique.chemin-neuf.org\\\/hu\\\/jogi-informaciok\\\/\"]}]},{\"@type\":\"BreadcrumbList\",\"@id\":\"https:\\\/\\\/fraternite-politique.chemin-neuf.org\\\/hu\\\/jogi-informaciok\\\/#breadcrumb\",\"itemListElement\":[{\"@type\":\"ListItem\",\"position\":1,\"name\":\"Home\",\"item\":\"https:\\\/\\\/fraternite-politique.chemin-neuf.org\\\/hu\\\/\"},{\"@type\":\"ListItem\",\"position\":2,\"name\":\"Jogi inform\u00e1ci\u00f3k\"}]},{\"@type\":\"WebSite\",\"@id\":\"https:\\\/\\\/fraternite-politique.chemin-neuf.org\\\/hu\\\/#website\",\"url\":\"https:\\\/\\\/fraternite-politique.chemin-neuf.org\\\/hu\\\/\",\"name\":\"Politics Fraternity Chemin Neuf Community\",\"description\":\"Politics Fraternity of Chemin Neuf Community\",\"publisher\":{\"@id\":\"https:\\\/\\\/fraternite-politique.chemin-neuf.org\\\/hu\\\/#organization\"},\"potentialAction\":[{\"@type\":\"SearchAction\",\"target\":{\"@type\":\"EntryPoint\",\"urlTemplate\":\"https:\\\/\\\/fraternite-politique.chemin-neuf.org\\\/hu\\\/?s={search_term_string}\"},\"query-input\":{\"@type\":\"PropertyValueSpecification\",\"valueRequired\":true,\"valueName\":\"search_term_string\"}}],\"inLanguage\":\"hu\"},{\"@type\":\"Organization\",\"@id\":\"https:\\\/\\\/fraternite-politique.chemin-neuf.org\\\/hu\\\/#organization\",\"name\":\"Fraternit\u00e9 Politique Communaut\u00e9 du Chemin Neuf\",\"url\":\"https:\\\/\\\/fraternite-politique.chemin-neuf.org\\\/hu\\\/\",\"logo\":{\"@type\":\"ImageObject\",\"inLanguage\":\"hu\",\"@id\":\"https:\\\/\\\/fraternite-politique.chemin-neuf.org\\\/hu\\\/#\\\/schema\\\/logo\\\/image\\\/\",\"url\":\"https:\\\/\\\/fraternite-politique.chemin-neuf.org\\\/wp-content\\\/uploads\\\/2021\\\/02\\\/cropped-ccn-png-onglet-site-v3-large.png\",\"contentUrl\":\"https:\\\/\\\/fraternite-politique.chemin-neuf.org\\\/wp-content\\\/uploads\\\/2021\\\/02\\\/cropped-ccn-png-onglet-site-v3-large.png\",\"width\":512,\"height\":512,\"caption\":\"Fraternit\u00e9 Politique Communaut\u00e9 du Chemin Neuf\"},\"image\":{\"@id\":\"https:\\\/\\\/fraternite-politique.chemin-neuf.org\\\/hu\\\/#\\\/schema\\\/logo\\\/image\\\/\"},\"sameAs\":[\"https:\\\/\\\/www.facebook.com\\\/fratpolitiqueccn\",\"https:\\\/\\\/instagram.com\\\/fratpo\",\"https:\\\/\\\/www.youtube.com\\\/channel\\\/UC6YodqkqOIniLyqOfjMLojw\"]}]}<\/script>\n<!-- \/ Yoast SEO plugin. -->","yoast_head_json":{"title":"Jogi inform\u00e1ci\u00f3k - Politics Fraternity Chemin Neuf Community","description":"Kiad\u00f3: Communaut\u00e9 du Chemin Neuf59 mont\u00e9e du Chemin Neuf, 69005 Lyon \u2013 FRANCIAORSZ\u00c1G Szerkeszt\u0151s\u00e9gi igazgat\u00f3: Prisca Horesnyi Webmester: Fr\u00e9d\u00e9ric Bourdeau","robots":{"index":"index","follow":"follow","max-snippet":"max-snippet:-1","max-image-preview":"max-image-preview:large","max-video-preview":"max-video-preview:-1"},"canonical":"https:\/\/fraternite-politique.chemin-neuf.org\/hu\/jogi-informaciok\/","og_locale":"hu_HU","og_type":"article","og_title":"Jogi inform\u00e1ci\u00f3k - Politics Fraternity Chemin Neuf Community","og_description":"Kiad\u00f3: Communaut\u00e9 du Chemin Neuf59 mont\u00e9e du Chemin Neuf, 69005 Lyon \u2013 FRANCIAORSZ\u00c1G Szerkeszt\u0151s\u00e9gi igazgat\u00f3: Prisca Horesnyi Webmester: Fr\u00e9d\u00e9ric Bourdeau","og_url":"https:\/\/fraternite-politique.chemin-neuf.org\/hu\/jogi-informaciok\/","og_site_name":"Politics Fraternity Chemin Neuf Community","article_publisher":"https:\/\/www.facebook.com\/fratpolitiqueccn","article_modified_time":"2022-03-02T16:25:12+00:00","twitter_card":"summary_large_image","twitter_misc":{"Becs\u00fclt olvas\u00e1si id\u0151":"1 perc"},"schema":{"@context":"https:\/\/schema.org","@graph":[{"@type":"WebPage","@id":"https:\/\/fraternite-politique.chemin-neuf.org\/hu\/jogi-informaciok\/","url":"https:\/\/fraternite-politique.chemin-neuf.org\/hu\/jogi-informaciok\/","name":"Jogi inform\u00e1ci\u00f3k - Politics Fraternity Chemin Neuf Community","isPartOf":{"@id":"https:\/\/fraternite-politique.chemin-neuf.org\/hu\/#website"},"datePublished":"2021-01-13T08:28:20+00:00","dateModified":"2022-03-02T16:25:12+00:00","description":"Kiad\u00f3: Communaut\u00e9 du Chemin Neuf59 mont\u00e9e du Chemin Neuf, 69005 Lyon \u2013 FRANCIAORSZ\u00c1G Szerkeszt\u0151s\u00e9gi igazgat\u00f3: Prisca Horesnyi Webmester: Fr\u00e9d\u00e9ric Bourdeau","breadcrumb":{"@id":"https:\/\/fraternite-politique.chemin-neuf.org\/hu\/jogi-informaciok\/#breadcrumb"},"inLanguage":"hu","potentialAction":[{"@type":"ReadAction","target":["https:\/\/fraternite-politique.chemin-neuf.org\/hu\/jogi-informaciok\/"]}]},{"@type":"BreadcrumbList","@id":"https:\/\/fraternite-politique.chemin-neuf.org\/hu\/jogi-informaciok\/#breadcrumb","itemListElement":[{"@type":"ListItem","position":1,"name":"Home","item":"https:\/\/fraternite-politique.chemin-neuf.org\/hu\/"},{"@type":"ListItem","position":2,"name":"Jogi inform\u00e1ci\u00f3k"}]},{"@type":"WebSite","@id":"https:\/\/fraternite-politique.chemin-neuf.org\/hu\/#website","url":"https:\/\/fraternite-politique.chemin-neuf.org\/hu\/","name":"Politics Fraternity Chemin Neuf Community","description":"Politics Fraternity of Chemin Neuf Community","publisher":{"@id":"https:\/\/fraternite-politique.chemin-neuf.org\/hu\/#organization"},"potentialAction":[{"@type":"SearchAction","target":{"@type":"EntryPoint","urlTemplate":"https:\/\/fraternite-politique.chemin-neuf.org\/hu\/?s={search_term_string}"},"query-input":{"@type":"PropertyValueSpecification","valueRequired":true,"valueName":"search_term_string"}}],"inLanguage":"hu"},{"@type":"Organization","@id":"https:\/\/fraternite-politique.chemin-neuf.org\/hu\/#organization","name":"Fraternit\u00e9 Politique Communaut\u00e9 du Chemin Neuf","url":"https:\/\/fraternite-politique.chemin-neuf.org\/hu\/","logo":{"@type":"ImageObject","inLanguage":"hu","@id":"https:\/\/fraternite-politique.chemin-neuf.org\/hu\/#\/schema\/logo\/image\/","url":"https:\/\/fraternite-politique.chemin-neuf.org\/wp-content\/uploads\/2021\/02\/cropped-ccn-png-onglet-site-v3-large.png","contentUrl":"https:\/\/fraternite-politique.chemin-neuf.org\/wp-content\/uploads\/2021\/02\/cropped-ccn-png-onglet-site-v3-large.png","width":512,"height":512,"caption":"Fraternit\u00e9 Politique Communaut\u00e9 du Chemin Neuf"},"image":{"@id":"https:\/\/fraternite-politique.chemin-neuf.org\/hu\/#\/schema\/logo\/image\/"},"sameAs":["https:\/\/www.facebook.com\/fratpolitiqueccn","https:\/\/instagram.com\/fratpo","https:\/\/www.youtube.com\/channel\/UC6YodqkqOIniLyqOfjMLojw"]}]}},"_links":{"self":[{"href":"https:\/\/fraternite-politique.chemin-neuf.org\/hu\/wp-json\/wp\/v2\/pages\/5672","targetHints":{"allow":["GET"]}}],"collection":[{"href":"https:\/\/fraternite-politique.chemin-neuf.org\/hu\/wp-json\/wp\/v2\/pages"}],"about":[{"href":"https:\/\/fraternite-politique.chemin-neuf.org\/hu\/wp-json\/wp\/v2\/types\/page"}],"author":[{"embeddable":true,"href":"https:\/\/fraternite-politique.chemin-neuf.org\/hu\/wp-json\/wp\/v2\/users\/6"}],"replies":[{"embeddable":true,"href":"https:\/\/fraternite-politique.chemin-neuf.org\/hu\/wp-json\/wp\/v2\/comments?post=5672"}],"version-history":[{"count":1,"href":"https:\/\/fraternite-politique.chemin-neuf.org\/hu\/wp-json\/wp\/v2\/pages\/5672\/revisions"}],"predecessor-version":[{"id":5673,"href":"https:\/\/fraternite-politique.chemin-neuf.org\/hu\/wp-json\/wp\/v2\/pages\/5672\/revisions\/5673"}],"wp:attachment":[{"href":"https:\/\/fraternite-politique.chemin-neuf.org\/hu\/wp-json\/wp\/v2\/media?parent=5672"}],"curies":[{"name":"wp","href":"https:\/\/api.w.org\/{rel}","templated":true}]}}