{"id":5632,"date":"2021-02-07T15:10:32","date_gmt":"2021-02-07T14:10:32","guid":{"rendered":"https:\/\/fraternite-politique.chemin-neuf.org\/?page_id=5632"},"modified":"2022-03-02T16:02:36","modified_gmt":"2022-03-02T15:02:36","slug":"nemzetkozi-talalkozok","status":"publish","type":"page","link":"https:\/\/fraternite-politique.chemin-neuf.org\/hu\/esemenyek\/nemzetkozi-talalkozok\/","title":{"rendered":"Nemzetk\u00f6zi tal\u00e1lkoz\u00f3k"},"content":{"rendered":"\n<div class=\"cards-container   align-center\">\n\n    <!-- scroll arrow left\/previous -->\n    \n    <div class=\"cards-list  proposition  align-center\">\n\n        \n<article class=\"card proposition  proposition\" data-animate-onshow=\"show-card\">\n\n    <!-- edit post link -->\n    \n    <a href=\"https:\/\/fraternite-politique.chemin-neuf.org\/hu\/esem\u00e9ny\/2022-rome\/\"\n       >\n\n        <div class=\"post-date\">\n                        <div class=\"post-time\">\n                <time datetime=\"13-05-2022\">\n                    <span class=\"day\">13<\/span>\n                    <span class=\"month\">m\u00e1j<\/span>\n                    <span class=\"year\">2022<\/span>\n                <\/time>\n            <\/div>\n                        \n                        <div class=\"post-time\">\n                <time datetime=\"16-05-2022\">\n                    <span class=\"day\">16<\/span>\n                    <span class=\"month\">m\u00e1j<\/span>\n                    <span class=\"year\">2022<\/span>\n                <\/time>\n            <\/div>\n                    <\/div>\n\n                <div class=\"bandeau\">\n            <span>Elm\u00falt esem\u00e9ny<\/span>\n        <\/div>\n\n        <!-- Proposition image -->\n        <div class=\"post-thumb\">\n            <span style=\"background-image: url(https:\/\/fraternite-politique.chemin-neuf.org\/wp-content\/uploads\/2021\/01\/WERome.jpeg);\"><\/span>\n        <\/div>\n\n        <!-- Proposition category -->\n        <div class=\"post-text\">\n            <div class=\"post-infos\">\n                                <div class=\"post-cat\">\n                                        <span class=\"cat-name\">H\u00e9tv\u00e9ge<\/span>\n                <\/div>\n                            <\/div>\n            <h2 class=\"post-title\">Eur\u00f3pa \u00e9s a migr\u00e1ci\u00f3<\/h2>\n            <div class=\"post-excerpt\">\n                <p>Olaszorsz\u00e1g, a testv\u00e9ris\u00e9g laborat\u00f3riuma?<\/p>\n            <\/div>\n        <\/div>\n\n        <div class=\"post-lieu\">R\u00f3ma<\/div>\n    <\/a>\n<\/article>\n    <\/div>\n\n    <!-- scroll arrow right\/next -->\n    \n<\/div>","protected":false},"excerpt":{"rendered":"","protected":false},"author":6,"featured_media":5280,"parent":5620,"menu_order":0,"comment_status":"closed","ping_status":"closed","template":"","meta":{"_acf_changed":false,"footnotes":""},"class_list":["post-5632","page","type-page","status-publish","has-post-thumbnail","hentry"],"acf":[],"yoast_head":"<!-- This site is optimized with the Yoast SEO plugin v27.5 - https:\/\/yoast.com\/product\/yoast-seo-wordpress\/ -->\n<title>Nemzetk\u00f6zi tal\u00e1lkoz\u00f3k - Politics Fraternity Chemin Neuf Community<\/title>\n<meta name=\"robots\" content=\"index, follow, max-snippet:-1, max-image-preview:large, max-video-preview:-1\" \/>\n<link rel=\"canonical\" href=\"https:\/\/fraternite-politique.chemin-neuf.org\/hu\/esemenyek\/nemzetkozi-talalkozok\/\" \/>\n<meta property=\"og:locale\" content=\"hu_HU\" \/>\n<meta property=\"og:type\" content=\"article\" \/>\n<meta property=\"og:title\" content=\"Nemzetk\u00f6zi tal\u00e1lkoz\u00f3k - Politics Fraternity Chemin Neuf Community\" \/>\n<meta property=\"og:url\" content=\"https:\/\/fraternite-politique.chemin-neuf.org\/hu\/esemenyek\/nemzetkozi-talalkozok\/\" \/>\n<meta property=\"og:site_name\" content=\"Politics Fraternity Chemin Neuf Community\" \/>\n<meta property=\"article:publisher\" content=\"https:\/\/www.facebook.com\/fratpolitiqueccn\" \/>\n<meta property=\"article:modified_time\" content=\"2022-03-02T15:02:36+00:00\" \/>\n<meta property=\"og:image\" content=\"https:\/\/fraternite-politique.chemin-neuf.org\/wp-content\/uploads\/2022\/02\/old-map.jpg\" \/>\n\t<meta property=\"og:image:width\" content=\"2560\" \/>\n\t<meta property=\"og:image:height\" content=\"1742\" \/>\n\t<meta property=\"og:image:type\" content=\"image\/jpeg\" \/>\n<meta name=\"twitter:card\" content=\"summary_large_image\" \/>\n<script type=\"application\/ld+json\" class=\"yoast-schema-graph\">{\"@context\":\"https:\\\/\\\/schema.org\",\"@graph\":[{\"@type\":\"WebPage\",\"@id\":\"https:\\\/\\\/fraternite-politique.chemin-neuf.org\\\/hu\\\/esemenyek\\\/nemzetkozi-talalkozok\\\/\",\"url\":\"https:\\\/\\\/fraternite-politique.chemin-neuf.org\\\/hu\\\/esemenyek\\\/nemzetkozi-talalkozok\\\/\",\"name\":\"Nemzetk\u00f6zi tal\u00e1lkoz\u00f3k - Politics Fraternity Chemin Neuf Community\",\"isPartOf\":{\"@id\":\"https:\\\/\\\/fraternite-politique.chemin-neuf.org\\\/hu\\\/#website\"},\"primaryImageOfPage\":{\"@id\":\"https:\\\/\\\/fraternite-politique.chemin-neuf.org\\\/hu\\\/esemenyek\\\/nemzetkozi-talalkozok\\\/#primaryimage\"},\"image\":{\"@id\":\"https:\\\/\\\/fraternite-politique.chemin-neuf.org\\\/hu\\\/esemenyek\\\/nemzetkozi-talalkozok\\\/#primaryimage\"},\"thumbnailUrl\":\"https:\\\/\\\/fraternite-politique.chemin-neuf.org\\\/wp-content\\\/uploads\\\/2022\\\/02\\\/old-map.jpg\",\"datePublished\":\"2021-02-07T14:10:32+00:00\",\"dateModified\":\"2022-03-02T15:02:36+00:00\",\"breadcrumb\":{\"@id\":\"https:\\\/\\\/fraternite-politique.chemin-neuf.org\\\/hu\\\/esemenyek\\\/nemzetkozi-talalkozok\\\/#breadcrumb\"},\"inLanguage\":\"hu\",\"potentialAction\":[{\"@type\":\"ReadAction\",\"target\":[\"https:\\\/\\\/fraternite-politique.chemin-neuf.org\\\/hu\\\/esemenyek\\\/nemzetkozi-talalkozok\\\/\"]}]},{\"@type\":\"ImageObject\",\"inLanguage\":\"hu\",\"@id\":\"https:\\\/\\\/fraternite-politique.chemin-neuf.org\\\/hu\\\/esemenyek\\\/nemzetkozi-talalkozok\\\/#primaryimage\",\"url\":\"https:\\\/\\\/fraternite-politique.chemin-neuf.org\\\/wp-content\\\/uploads\\\/2022\\\/02\\\/old-map.jpg\",\"contentUrl\":\"https:\\\/\\\/fraternite-politique.chemin-neuf.org\\\/wp-content\\\/uploads\\\/2022\\\/02\\\/old-map.jpg\",\"width\":2560,\"height\":1742},{\"@type\":\"BreadcrumbList\",\"@id\":\"https:\\\/\\\/fraternite-politique.chemin-neuf.org\\\/hu\\\/esemenyek\\\/nemzetkozi-talalkozok\\\/#breadcrumb\",\"itemListElement\":[{\"@type\":\"ListItem\",\"position\":1,\"name\":\"Home\",\"item\":\"https:\\\/\\\/fraternite-politique.chemin-neuf.org\\\/hu\\\/\"},{\"@type\":\"ListItem\",\"position\":2,\"name\":\"ESEM\u00c9NYEK\",\"item\":\"https:\\\/\\\/fraternite-politique.chemin-neuf.org\\\/hu\\\/esemenyek\\\/\"},{\"@type\":\"ListItem\",\"position\":3,\"name\":\"Nemzetk\u00f6zi tal\u00e1lkoz\u00f3k\"}]},{\"@type\":\"WebSite\",\"@id\":\"https:\\\/\\\/fraternite-politique.chemin-neuf.org\\\/hu\\\/#website\",\"url\":\"https:\\\/\\\/fraternite-politique.chemin-neuf.org\\\/hu\\\/\",\"name\":\"Politics Fraternity Chemin Neuf Community\",\"description\":\"Politics Fraternity of Chemin Neuf Community\",\"publisher\":{\"@id\":\"https:\\\/\\\/fraternite-politique.chemin-neuf.org\\\/hu\\\/#organization\"},\"potentialAction\":[{\"@type\":\"SearchAction\",\"target\":{\"@type\":\"EntryPoint\",\"urlTemplate\":\"https:\\\/\\\/fraternite-politique.chemin-neuf.org\\\/hu\\\/?s={search_term_string}\"},\"query-input\":{\"@type\":\"PropertyValueSpecification\",\"valueRequired\":true,\"valueName\":\"search_term_string\"}}],\"inLanguage\":\"hu\"},{\"@type\":\"Organization\",\"@id\":\"https:\\\/\\\/fraternite-politique.chemin-neuf.org\\\/hu\\\/#organization\",\"name\":\"Fraternit\u00e9 Politique Communaut\u00e9 du Chemin Neuf\",\"url\":\"https:\\\/\\\/fraternite-politique.chemin-neuf.org\\\/hu\\\/\",\"logo\":{\"@type\":\"ImageObject\",\"inLanguage\":\"hu\",\"@id\":\"https:\\\/\\\/fraternite-politique.chemin-neuf.org\\\/hu\\\/#\\\/schema\\\/logo\\\/image\\\/\",\"url\":\"https:\\\/\\\/fraternite-politique.chemin-neuf.org\\\/wp-content\\\/uploads\\\/2021\\\/02\\\/cropped-ccn-png-onglet-site-v3-large.png\",\"contentUrl\":\"https:\\\/\\\/fraternite-politique.chemin-neuf.org\\\/wp-content\\\/uploads\\\/2021\\\/02\\\/cropped-ccn-png-onglet-site-v3-large.png\",\"width\":512,\"height\":512,\"caption\":\"Fraternit\u00e9 Politique Communaut\u00e9 du Chemin Neuf\"},\"image\":{\"@id\":\"https:\\\/\\\/fraternite-politique.chemin-neuf.org\\\/hu\\\/#\\\/schema\\\/logo\\\/image\\\/\"},\"sameAs\":[\"https:\\\/\\\/www.facebook.com\\\/fratpolitiqueccn\",\"https:\\\/\\\/instagram.com\\\/fratpo\",\"https:\\\/\\\/www.youtube.com\\\/channel\\\/UC6YodqkqOIniLyqOfjMLojw\"]}]}<\/script>\n<!-- \/ Yoast SEO plugin. -->","yoast_head_json":{"title":"Nemzetk\u00f6zi tal\u00e1lkoz\u00f3k - Politics Fraternity Chemin Neuf Community","robots":{"index":"index","follow":"follow","max-snippet":"max-snippet:-1","max-image-preview":"max-image-preview:large","max-video-preview":"max-video-preview:-1"},"canonical":"https:\/\/fraternite-politique.chemin-neuf.org\/hu\/esemenyek\/nemzetkozi-talalkozok\/","og_locale":"hu_HU","og_type":"article","og_title":"Nemzetk\u00f6zi tal\u00e1lkoz\u00f3k - Politics Fraternity Chemin Neuf Community","og_url":"https:\/\/fraternite-politique.chemin-neuf.org\/hu\/esemenyek\/nemzetkozi-talalkozok\/","og_site_name":"Politics Fraternity Chemin Neuf Community","article_publisher":"https:\/\/www.facebook.com\/fratpolitiqueccn","article_modified_time":"2022-03-02T15:02:36+00:00","og_image":[{"width":2560,"height":1742,"url":"https:\/\/fraternite-politique.chemin-neuf.org\/wp-content\/uploads\/2022\/02\/old-map.jpg","type":"image\/jpeg"}],"twitter_card":"summary_large_image","schema":{"@context":"https:\/\/schema.org","@graph":[{"@type":"WebPage","@id":"https:\/\/fraternite-politique.chemin-neuf.org\/hu\/esemenyek\/nemzetkozi-talalkozok\/","url":"https:\/\/fraternite-politique.chemin-neuf.org\/hu\/esemenyek\/nemzetkozi-talalkozok\/","name":"Nemzetk\u00f6zi tal\u00e1lkoz\u00f3k - Politics Fraternity Chemin Neuf Community","isPartOf":{"@id":"https:\/\/fraternite-politique.chemin-neuf.org\/hu\/#website"},"primaryImageOfPage":{"@id":"https:\/\/fraternite-politique.chemin-neuf.org\/hu\/esemenyek\/nemzetkozi-talalkozok\/#primaryimage"},"image":{"@id":"https:\/\/fraternite-politique.chemin-neuf.org\/hu\/esemenyek\/nemzetkozi-talalkozok\/#primaryimage"},"thumbnailUrl":"https:\/\/fraternite-politique.chemin-neuf.org\/wp-content\/uploads\/2022\/02\/old-map.jpg","datePublished":"2021-02-07T14:10:32+00:00","dateModified":"2022-03-02T15:02:36+00:00","breadcrumb":{"@id":"https:\/\/fraternite-politique.chemin-neuf.org\/hu\/esemenyek\/nemzetkozi-talalkozok\/#breadcrumb"},"inLanguage":"hu","potentialAction":[{"@type":"ReadAction","target":["https:\/\/fraternite-politique.chemin-neuf.org\/hu\/esemenyek\/nemzetkozi-talalkozok\/"]}]},{"@type":"ImageObject","inLanguage":"hu","@id":"https:\/\/fraternite-politique.chemin-neuf.org\/hu\/esemenyek\/nemzetkozi-talalkozok\/#primaryimage","url":"https:\/\/fraternite-politique.chemin-neuf.org\/wp-content\/uploads\/2022\/02\/old-map.jpg","contentUrl":"https:\/\/fraternite-politique.chemin-neuf.org\/wp-content\/uploads\/2022\/02\/old-map.jpg","width":2560,"height":1742},{"@type":"BreadcrumbList","@id":"https:\/\/fraternite-politique.chemin-neuf.org\/hu\/esemenyek\/nemzetkozi-talalkozok\/#breadcrumb","itemListElement":[{"@type":"ListItem","position":1,"name":"Home","item":"https:\/\/fraternite-politique.chemin-neuf.org\/hu\/"},{"@type":"ListItem","position":2,"name":"ESEM\u00c9NYEK","item":"https:\/\/fraternite-politique.chemin-neuf.org\/hu\/esemenyek\/"},{"@type":"ListItem","position":3,"name":"Nemzetk\u00f6zi tal\u00e1lkoz\u00f3k"}]},{"@type":"WebSite","@id":"https:\/\/fraternite-politique.chemin-neuf.org\/hu\/#website","url":"https:\/\/fraternite-politique.chemin-neuf.org\/hu\/","name":"Politics Fraternity Chemin Neuf Community","description":"Politics Fraternity of Chemin Neuf Community","publisher":{"@id":"https:\/\/fraternite-politique.chemin-neuf.org\/hu\/#organization"},"potentialAction":[{"@type":"SearchAction","target":{"@type":"EntryPoint","urlTemplate":"https:\/\/fraternite-politique.chemin-neuf.org\/hu\/?s={search_term_string}"},"query-input":{"@type":"PropertyValueSpecification","valueRequired":true,"valueName":"search_term_string"}}],"inLanguage":"hu"},{"@type":"Organization","@id":"https:\/\/fraternite-politique.chemin-neuf.org\/hu\/#organization","name":"Fraternit\u00e9 Politique Communaut\u00e9 du Chemin Neuf","url":"https:\/\/fraternite-politique.chemin-neuf.org\/hu\/","logo":{"@type":"ImageObject","inLanguage":"hu","@id":"https:\/\/fraternite-politique.chemin-neuf.org\/hu\/#\/schema\/logo\/image\/","url":"https:\/\/fraternite-politique.chemin-neuf.org\/wp-content\/uploads\/2021\/02\/cropped-ccn-png-onglet-site-v3-large.png","contentUrl":"https:\/\/fraternite-politique.chemin-neuf.org\/wp-content\/uploads\/2021\/02\/cropped-ccn-png-onglet-site-v3-large.png","width":512,"height":512,"caption":"Fraternit\u00e9 Politique Communaut\u00e9 du Chemin Neuf"},"image":{"@id":"https:\/\/fraternite-politique.chemin-neuf.org\/hu\/#\/schema\/logo\/image\/"},"sameAs":["https:\/\/www.facebook.com\/fratpolitiqueccn","https:\/\/instagram.com\/fratpo","https:\/\/www.youtube.com\/channel\/UC6YodqkqOIniLyqOfjMLojw"]}]}},"_links":{"self":[{"href":"https:\/\/fraternite-politique.chemin-neuf.org\/hu\/wp-json\/wp\/v2\/pages\/5632","targetHints":{"allow":["GET"]}}],"collection":[{"href":"https:\/\/fraternite-politique.chemin-neuf.org\/hu\/wp-json\/wp\/v2\/pages"}],"about":[{"href":"https:\/\/fraternite-politique.chemin-neuf.org\/hu\/wp-json\/wp\/v2\/types\/page"}],"author":[{"embeddable":true,"href":"https:\/\/fraternite-politique.chemin-neuf.org\/hu\/wp-json\/wp\/v2\/users\/6"}],"replies":[{"embeddable":true,"href":"https:\/\/fraternite-politique.chemin-neuf.org\/hu\/wp-json\/wp\/v2\/comments?post=5632"}],"version-history":[{"count":2,"href":"https:\/\/fraternite-politique.chemin-neuf.org\/hu\/wp-json\/wp\/v2\/pages\/5632\/revisions"}],"predecessor-version":[{"id":5634,"href":"https:\/\/fraternite-politique.chemin-neuf.org\/hu\/wp-json\/wp\/v2\/pages\/5632\/revisions\/5634"}],"up":[{"embeddable":true,"href":"https:\/\/fraternite-politique.chemin-neuf.org\/hu\/wp-json\/wp\/v2\/pages\/5620"}],"wp:featuredmedia":[{"embeddable":true,"href":"https:\/\/fraternite-politique.chemin-neuf.org\/hu\/wp-json\/wp\/v2\/media\/5280"}],"wp:attachment":[{"href":"https:\/\/fraternite-politique.chemin-neuf.org\/hu\/wp-json\/wp\/v2\/media?parent=5632"}],"curies":[{"name":"wp","href":"https:\/\/api.w.org\/{rel}","templated":true}]}}