{"id":5616,"date":"2021-02-06T14:37:45","date_gmt":"2021-02-06T13:37:45","guid":{"rendered":"https:\/\/fraternite-politique.chemin-neuf.org\/?page_id=5616"},"modified":"2022-03-02T15:24:36","modified_gmt":"2022-03-02T14:24:36","slug":"politikai-testveriseg","status":"publish","type":"page","link":"https:\/\/fraternite-politique.chemin-neuf.org\/hu\/rolunk\/politikai-testveriseg\/","title":{"rendered":"Politikai Testv\u00e9ris\u00e9g"},"content":{"rendered":"\n<div class=\"wp-block-columns is-style-default is-layout-flex wp-container-core-columns-is-layout-9d6595d7 wp-block-columns-is-layout-flex\">\n<div class=\"wp-block-column is-vertically-aligned-center is-layout-flow wp-block-column-is-layout-flow\">\n<div style=\"height:5px\" aria-hidden=\"true\" class=\"wp-block-spacer\"><\/div>\n\n\n\n<p class=\"has-large-font-size\">A Chemin Neuf Politikai Testv\u00e9ris\u00e9g 18 \u00e9s 35 \u00e9v k\u00f6z\u00f6tti, k\u00fcl\u00f6nb\u00f6z\u0151 orsz\u00e1gokb\u00f3l \u00e9s politikai h\u00e1tt\u00e9rrel rendelkez\u0151 fiatalokat t\u00f6m\u00f6r\u00edt, akiknek ugyanaz a szenved\u00e9ly\u00fck a k\u00f6zj\u00f3 \u00e9s a szeg\u00e9nyek szolg\u00e1lata, \u00e9s akiknek v\u00e1gya, hogy Isten sz\u00edve szerint legyenek akt\u00edvak a politikai\u00e9letben.<\/p>\n<\/div>\n\n\n\n<div class=\"wp-block-column is-layout-flow wp-block-column-is-layout-flow\">\n<figure class=\"wp-block-embed is-type-video is-provider-youtube wp-block-embed-youtube wp-embed-aspect-16-9 wp-has-aspect-ratio\"><div class=\"wp-block-embed__wrapper\">\n<iframe loading=\"lazy\" title=\"The Chemin Neuf POLITICS FRATERNITY\" width=\"500\" height=\"281\" src=\"https:\/\/www.youtube.com\/embed\/HT5asY5BBAE?feature=oembed\" frameborder=\"0\" allow=\"accelerometer; autoplay; clipboard-write; encrypted-media; gyroscope; picture-in-picture; web-share\" referrerpolicy=\"strict-origin-when-cross-origin\" allowfullscreen><\/iframe>\n<\/div><\/figure>\n\n\n\n<p><\/p>\n<\/div>\n<\/div>\n\n\n\n<div class=\"wp-block-columns is-layout-flex wp-container-core-columns-is-layout-9d6595d7 wp-block-columns-is-layout-flex\">\n<div class=\"wp-block-column is-layout-flow wp-block-column-is-layout-flow\">\n<h5 class=\"alignfull has-large-font-size wp-block-heading\">H\u00e1rom \u00f6sszetev\u0151 kombin\u00e1ci\u00f3ja<\/h5>\n<\/div>\n<\/div>\n\n\n\n<div class=\"wp-block-columns are-vertically-aligned-center is-layout-flex wp-container-core-columns-is-layout-9d6595d7 wp-block-columns-is-layout-flex\">\n<div class=\"wp-block-column is-vertically-aligned-center is-layout-flow wp-block-column-is-layout-flow\">\n<div class=\"wp-block-columns is-layout-flex wp-container-core-columns-is-layout-9d6595d7 wp-block-columns-is-layout-flex\">\n<div class=\"wp-block-column is-vertically-aligned-center is-layout-flow wp-block-column-is-layout-flow\" style=\"flex-basis:33.33%\">\n<div class=\"wp-block-image\"><figure class=\"aligncenter size-large is-resized\"><img decoding=\"async\" src=\"https:\/\/fraternite-politique.chemin-neuf.org\/wp-content\/uploads\/2021\/03\/ccn-rectangle-ignace-edited.jpg\" alt=\"\" class=\"wp-image-1715\" width=\"200\" height=\"200\" srcset=\"https:\/\/fraternite-politique.chemin-neuf.org\/wp-content\/uploads\/2021\/03\/ccn-rectangle-ignace-edited.jpg 400w, https:\/\/fraternite-politique.chemin-neuf.org\/wp-content\/uploads\/2021\/03\/ccn-rectangle-ignace-edited-300x300.jpg 300w, https:\/\/fraternite-politique.chemin-neuf.org\/wp-content\/uploads\/2021\/03\/ccn-rectangle-ignace-edited-150x150.jpg 150w\" sizes=\"(max-width: 200px) 100vw, 200px\" \/><\/figure><\/div>\n<\/div>\n\n\n\n<div class=\"wp-block-column is-vertically-aligned-center is-layout-flow wp-block-column-is-layout-flow\" style=\"flex-basis:66.66%\">\n<p class=\"has-text-align-center has-large-font-size\"><em>Az <strong>ign\u00e1ci lelkis\u00e9g<\/strong> \u00e9s annak er\u0151s k\u00e9pz\u00e9si hagyom\u00e1nya, visszatekint\u00e9s \u00e9s megk\u00fcl\u00f6nb\u00f6ztet\u00e9s,<\/em><\/p>\n<\/div>\n<\/div>\n<\/div>\n\n\n\n<div class=\"wp-block-column is-vertically-aligned-center is-layout-flow wp-block-column-is-layout-flow\">\n<div class=\"wp-block-columns is-layout-flex wp-container-core-columns-is-layout-9d6595d7 wp-block-columns-is-layout-flex\">\n<div class=\"wp-block-column is-vertically-aligned-center is-layout-flow wp-block-column-is-layout-flow\" style=\"flex-basis:33.33%\">\n<div class=\"wp-block-image\"><figure class=\"aligncenter size-large is-resized\"><img decoding=\"async\" src=\"https:\/\/fraternite-politique.chemin-neuf.org\/wp-content\/uploads\/2021\/03\/ccn-rectangle-lumiere-2-edited.jpg\" alt=\"\" class=\"wp-image-1717\" width=\"200\" height=\"200\" srcset=\"https:\/\/fraternite-politique.chemin-neuf.org\/wp-content\/uploads\/2021\/03\/ccn-rectangle-lumiere-2-edited.jpg 400w, https:\/\/fraternite-politique.chemin-neuf.org\/wp-content\/uploads\/2021\/03\/ccn-rectangle-lumiere-2-edited-300x300.jpg 300w, https:\/\/fraternite-politique.chemin-neuf.org\/wp-content\/uploads\/2021\/03\/ccn-rectangle-lumiere-2-edited-150x150.jpg 150w\" sizes=\"(max-width: 200px) 100vw, 200px\" \/><\/figure><\/div>\n<\/div>\n\n\n\n<div class=\"wp-block-column is-vertically-aligned-center is-layout-flow wp-block-column-is-layout-flow\" style=\"flex-basis:66.66%\">\n<p class=\"has-text-align-center has-large-font-size\"><em><strong>\u00c9let a Szentl\u00e9lekben<\/strong>, aki minden \u00faj teremj\u0151je \u00e9s aki cselekv\u00e9sre \u00f6szt\u00f6n\u00f6z minket,<\/em><\/p>\n<\/div>\n<\/div>\n<\/div>\n<\/div>\n\n\n\n<div class=\"wp-block-columns is-layout-flex wp-container-core-columns-is-layout-9d6595d7 wp-block-columns-is-layout-flex\">\n<div class=\"wp-block-column is-layout-flow wp-block-column-is-layout-flow\" style=\"flex-basis:20%\"><\/div>\n\n\n\n<div class=\"wp-block-column is-layout-flow wp-block-column-is-layout-flow\" style=\"flex-basis:60%\">\n<div class=\"wp-block-columns is-layout-flex wp-container-core-columns-is-layout-9d6595d7 wp-block-columns-is-layout-flex\">\n<div class=\"wp-block-column is-vertically-aligned-center is-layout-flow wp-block-column-is-layout-flow\" style=\"flex-basis:33.33%\">\n<div class=\"wp-block-image\"><figure class=\"aligncenter size-large is-resized\"><img decoding=\"async\" src=\"https:\/\/fraternite-politique.chemin-neuf.org\/wp-content\/uploads\/2021\/03\/5f622d6c396588bb3e9de2c0KeepInTouch-142-edited.jpg\" alt=\"\" class=\"wp-image-1719\" width=\"200\" height=\"200\" srcset=\"https:\/\/fraternite-politique.chemin-neuf.org\/wp-content\/uploads\/2021\/03\/5f622d6c396588bb3e9de2c0KeepInTouch-142-edited.jpg 480w, https:\/\/fraternite-politique.chemin-neuf.org\/wp-content\/uploads\/2021\/03\/5f622d6c396588bb3e9de2c0KeepInTouch-142-edited-300x300.jpg 300w, https:\/\/fraternite-politique.chemin-neuf.org\/wp-content\/uploads\/2021\/03\/5f622d6c396588bb3e9de2c0KeepInTouch-142-edited-150x150.jpg 150w\" sizes=\"(max-width: 200px) 100vw, 200px\" \/><\/figure><\/div>\n<\/div>\n\n\n\n<div class=\"wp-block-column is-vertically-aligned-center is-layout-flow wp-block-column-is-layout-flow\" style=\"flex-basis:66.66%\">\n<p class=\"has-text-align-center has-large-font-size\"><em><strong>Testv\u00e9ris\u00e9g<\/strong>, <\/em><br><em>az igazs\u00e1g, az al\u00e1zat \u00e9s <\/em><br><em>az \u00f6r\u00f6m helye \u00e9s a Krisztus k\u00f6vet\u00e9se ir\u00e1nti igaz \u00e9s tart\u00f3s elk\u00f6telezetts\u00e9g t\u00e1ptalaja.<\/em><\/p>\n<\/div>\n<\/div>\n<\/div>\n\n\n\n<div class=\"wp-block-column is-layout-flow wp-block-column-is-layout-flow\" style=\"flex-basis:20%\"><\/div>\n<\/div>\n\n\n\n<div class=\"wp-block-buttons is-horizontal is-content-justification-center is-layout-flex wp-container-core-buttons-is-layout-499968f5 wp-block-buttons-is-layout-flex\">\n<div class=\"wp-block-button is-style-outline is-style-outline--1\"><a class=\"wp-block-button__link has-black-color has-white-background-color has-text-color has-background\">Olvasd el a Ki\u00e1ltv\u00e1nyunkat<\/a><\/div>\n<\/div>\n\n\n\n<div style=\"height:100px\" aria-hidden=\"true\" class=\"wp-block-spacer\"><\/div>\n","protected":false},"excerpt":{"rendered":"<p>A Chemin Neuf Politikai Testv\u00e9ris\u00e9g 18 \u00e9s 35 \u00e9v k\u00f6z\u00f6tti, k\u00fcl\u00f6nb\u00f6z\u0151 orsz\u00e1gokb\u00f3l \u00e9s politikai h\u00e1tt\u00e9rrel rendelkez\u0151 fiatalokat t\u00f6m\u00f6r\u00edt, akiknek ugyanaz a szenved\u00e9ly\u00fck a k\u00f6zj\u00f3 \u00e9s a szeg\u00e9nyek szolg\u00e1lata, \u00e9s akiknek v\u00e1gya, hogy Isten sz\u00edve szerint legyenek akt\u00edvak a politikai\u00e9letben. H\u00e1rom \u00f6sszetev\u0151 kombin\u00e1ci\u00f3ja Az ign\u00e1ci lelkis\u00e9g \u00e9s annak er\u0151s k\u00e9pz\u00e9si hagyom\u00e1nya, visszatekint\u00e9s \u00e9s megk\u00fcl\u00f6nb\u00f6ztet\u00e9s, \u00c9let a [&hellip;]<\/p>\n","protected":false},"author":6,"featured_media":5441,"parent":5584,"menu_order":0,"comment_status":"closed","ping_status":"closed","template":"","meta":{"_acf_changed":false,"footnotes":""},"class_list":["post-5616","page","type-page","status-publish","has-post-thumbnail","hentry"],"acf":[],"yoast_head":"<!-- This site is optimized with the Yoast SEO plugin v27.5 - https:\/\/yoast.com\/product\/yoast-seo-wordpress\/ -->\n<title>Politikai Testv\u00e9ris\u00e9g - Politics Fraternity Chemin Neuf Community<\/title>\n<meta name=\"description\" content=\"A Chemin Neuf Politikai Testv\u00e9ris\u00e9g 18 \u00e9s 35 \u00e9v k\u00f6z\u00f6tti, k\u00fcl\u00f6nb\u00f6z\u0151 orsz\u00e1gokb\u00f3l \u00e9s politikai h\u00e1tt\u00e9rrel rendelkez\u0151 fiatalokat t\u00f6m\u00f6r\u00edt, akiknek ugyanaz a\" \/>\n<meta name=\"robots\" content=\"index, follow, max-snippet:-1, max-image-preview:large, max-video-preview:-1\" \/>\n<link rel=\"canonical\" href=\"https:\/\/fraternite-politique.chemin-neuf.org\/hu\/rolunk\/politikai-testveriseg\/\" \/>\n<meta property=\"og:locale\" content=\"hu_HU\" \/>\n<meta property=\"og:type\" content=\"article\" \/>\n<meta property=\"og:title\" content=\"Politikai Testv\u00e9ris\u00e9g - Politics Fraternity Chemin Neuf Community\" \/>\n<meta property=\"og:description\" content=\"A Chemin Neuf Politikai Testv\u00e9ris\u00e9g 18 \u00e9s 35 \u00e9v k\u00f6z\u00f6tti, k\u00fcl\u00f6nb\u00f6z\u0151 orsz\u00e1gokb\u00f3l \u00e9s politikai h\u00e1tt\u00e9rrel rendelkez\u0151 fiatalokat t\u00f6m\u00f6r\u00edt, akiknek ugyanaz a\" \/>\n<meta property=\"og:url\" content=\"https:\/\/fraternite-politique.chemin-neuf.org\/hu\/rolunk\/politikai-testveriseg\/\" \/>\n<meta property=\"og:site_name\" content=\"Politics Fraternity Chemin Neuf Community\" \/>\n<meta property=\"article:publisher\" content=\"https:\/\/www.facebook.com\/fratpolitiqueccn\" \/>\n<meta property=\"article:modified_time\" content=\"2022-03-02T14:24:36+00:00\" \/>\n<meta property=\"og:image\" content=\"https:\/\/fraternite-politique.chemin-neuf.org\/wp-content\/uploads\/2021\/03\/youth-1.jpg\" \/>\n\t<meta property=\"og:image:width\" content=\"960\" \/>\n\t<meta property=\"og:image:height\" content=\"960\" \/>\n\t<meta property=\"og:image:type\" content=\"image\/jpeg\" \/>\n<meta name=\"twitter:card\" content=\"summary_large_image\" \/>\n<meta name=\"twitter:label1\" content=\"Becs\u00fclt olvas\u00e1si id\u0151\" \/>\n\t<meta name=\"twitter:data1\" content=\"1 perc\" \/>\n<script type=\"application\/ld+json\" class=\"yoast-schema-graph\">{\"@context\":\"https:\\\/\\\/schema.org\",\"@graph\":[{\"@type\":\"WebPage\",\"@id\":\"https:\\\/\\\/fraternite-politique.chemin-neuf.org\\\/hu\\\/rolunk\\\/politikai-testveriseg\\\/\",\"url\":\"https:\\\/\\\/fraternite-politique.chemin-neuf.org\\\/hu\\\/rolunk\\\/politikai-testveriseg\\\/\",\"name\":\"Politikai Testv\u00e9ris\u00e9g - Politics Fraternity Chemin Neuf Community\",\"isPartOf\":{\"@id\":\"https:\\\/\\\/fraternite-politique.chemin-neuf.org\\\/hu\\\/#website\"},\"primaryImageOfPage\":{\"@id\":\"https:\\\/\\\/fraternite-politique.chemin-neuf.org\\\/hu\\\/rolunk\\\/politikai-testveriseg\\\/#primaryimage\"},\"image\":{\"@id\":\"https:\\\/\\\/fraternite-politique.chemin-neuf.org\\\/hu\\\/rolunk\\\/politikai-testveriseg\\\/#primaryimage\"},\"thumbnailUrl\":\"https:\\\/\\\/fraternite-politique.chemin-neuf.org\\\/wp-content\\\/uploads\\\/2021\\\/03\\\/youth-1.jpg\",\"datePublished\":\"2021-02-06T13:37:45+00:00\",\"dateModified\":\"2022-03-02T14:24:36+00:00\",\"description\":\"A Chemin Neuf Politikai Testv\u00e9ris\u00e9g 18 \u00e9s 35 \u00e9v k\u00f6z\u00f6tti, k\u00fcl\u00f6nb\u00f6z\u0151 orsz\u00e1gokb\u00f3l \u00e9s politikai h\u00e1tt\u00e9rrel rendelkez\u0151 fiatalokat t\u00f6m\u00f6r\u00edt, akiknek ugyanaz a\",\"breadcrumb\":{\"@id\":\"https:\\\/\\\/fraternite-politique.chemin-neuf.org\\\/hu\\\/rolunk\\\/politikai-testveriseg\\\/#breadcrumb\"},\"inLanguage\":\"hu\",\"potentialAction\":[{\"@type\":\"ReadAction\",\"target\":[\"https:\\\/\\\/fraternite-politique.chemin-neuf.org\\\/hu\\\/rolunk\\\/politikai-testveriseg\\\/\"]}]},{\"@type\":\"ImageObject\",\"inLanguage\":\"hu\",\"@id\":\"https:\\\/\\\/fraternite-politique.chemin-neuf.org\\\/hu\\\/rolunk\\\/politikai-testveriseg\\\/#primaryimage\",\"url\":\"https:\\\/\\\/fraternite-politique.chemin-neuf.org\\\/wp-content\\\/uploads\\\/2021\\\/03\\\/youth-1.jpg\",\"contentUrl\":\"https:\\\/\\\/fraternite-politique.chemin-neuf.org\\\/wp-content\\\/uploads\\\/2021\\\/03\\\/youth-1.jpg\",\"width\":960,\"height\":960},{\"@type\":\"BreadcrumbList\",\"@id\":\"https:\\\/\\\/fraternite-politique.chemin-neuf.org\\\/hu\\\/rolunk\\\/politikai-testveriseg\\\/#breadcrumb\",\"itemListElement\":[{\"@type\":\"ListItem\",\"position\":1,\"name\":\"Home\",\"item\":\"https:\\\/\\\/fraternite-politique.chemin-neuf.org\\\/hu\\\/\"},{\"@type\":\"ListItem\",\"position\":2,\"name\":\"R\u00d3LUNK\",\"item\":\"https:\\\/\\\/fraternite-politique.chemin-neuf.org\\\/hu\\\/rolunk\\\/\"},{\"@type\":\"ListItem\",\"position\":3,\"name\":\"Politikai Testv\u00e9ris\u00e9g\"}]},{\"@type\":\"WebSite\",\"@id\":\"https:\\\/\\\/fraternite-politique.chemin-neuf.org\\\/hu\\\/#website\",\"url\":\"https:\\\/\\\/fraternite-politique.chemin-neuf.org\\\/hu\\\/\",\"name\":\"Politics Fraternity Chemin Neuf Community\",\"description\":\"Politics Fraternity of Chemin Neuf Community\",\"publisher\":{\"@id\":\"https:\\\/\\\/fraternite-politique.chemin-neuf.org\\\/hu\\\/#organization\"},\"potentialAction\":[{\"@type\":\"SearchAction\",\"target\":{\"@type\":\"EntryPoint\",\"urlTemplate\":\"https:\\\/\\\/fraternite-politique.chemin-neuf.org\\\/hu\\\/?s={search_term_string}\"},\"query-input\":{\"@type\":\"PropertyValueSpecification\",\"valueRequired\":true,\"valueName\":\"search_term_string\"}}],\"inLanguage\":\"hu\"},{\"@type\":\"Organization\",\"@id\":\"https:\\\/\\\/fraternite-politique.chemin-neuf.org\\\/hu\\\/#organization\",\"name\":\"Fraternit\u00e9 Politique Communaut\u00e9 du Chemin Neuf\",\"url\":\"https:\\\/\\\/fraternite-politique.chemin-neuf.org\\\/hu\\\/\",\"logo\":{\"@type\":\"ImageObject\",\"inLanguage\":\"hu\",\"@id\":\"https:\\\/\\\/fraternite-politique.chemin-neuf.org\\\/hu\\\/#\\\/schema\\\/logo\\\/image\\\/\",\"url\":\"https:\\\/\\\/fraternite-politique.chemin-neuf.org\\\/wp-content\\\/uploads\\\/2021\\\/02\\\/cropped-ccn-png-onglet-site-v3-large.png\",\"contentUrl\":\"https:\\\/\\\/fraternite-politique.chemin-neuf.org\\\/wp-content\\\/uploads\\\/2021\\\/02\\\/cropped-ccn-png-onglet-site-v3-large.png\",\"width\":512,\"height\":512,\"caption\":\"Fraternit\u00e9 Politique Communaut\u00e9 du Chemin Neuf\"},\"image\":{\"@id\":\"https:\\\/\\\/fraternite-politique.chemin-neuf.org\\\/hu\\\/#\\\/schema\\\/logo\\\/image\\\/\"},\"sameAs\":[\"https:\\\/\\\/www.facebook.com\\\/fratpolitiqueccn\",\"https:\\\/\\\/instagram.com\\\/fratpo\",\"https:\\\/\\\/www.youtube.com\\\/channel\\\/UC6YodqkqOIniLyqOfjMLojw\"]}]}<\/script>\n<!-- \/ Yoast SEO plugin. -->","yoast_head_json":{"title":"Politikai Testv\u00e9ris\u00e9g - Politics Fraternity Chemin Neuf Community","description":"A Chemin Neuf Politikai Testv\u00e9ris\u00e9g 18 \u00e9s 35 \u00e9v k\u00f6z\u00f6tti, k\u00fcl\u00f6nb\u00f6z\u0151 orsz\u00e1gokb\u00f3l \u00e9s politikai h\u00e1tt\u00e9rrel rendelkez\u0151 fiatalokat t\u00f6m\u00f6r\u00edt, akiknek ugyanaz a","robots":{"index":"index","follow":"follow","max-snippet":"max-snippet:-1","max-image-preview":"max-image-preview:large","max-video-preview":"max-video-preview:-1"},"canonical":"https:\/\/fraternite-politique.chemin-neuf.org\/hu\/rolunk\/politikai-testveriseg\/","og_locale":"hu_HU","og_type":"article","og_title":"Politikai Testv\u00e9ris\u00e9g - Politics Fraternity Chemin Neuf Community","og_description":"A Chemin Neuf Politikai Testv\u00e9ris\u00e9g 18 \u00e9s 35 \u00e9v k\u00f6z\u00f6tti, k\u00fcl\u00f6nb\u00f6z\u0151 orsz\u00e1gokb\u00f3l \u00e9s politikai h\u00e1tt\u00e9rrel rendelkez\u0151 fiatalokat t\u00f6m\u00f6r\u00edt, akiknek ugyanaz a","og_url":"https:\/\/fraternite-politique.chemin-neuf.org\/hu\/rolunk\/politikai-testveriseg\/","og_site_name":"Politics Fraternity Chemin Neuf Community","article_publisher":"https:\/\/www.facebook.com\/fratpolitiqueccn","article_modified_time":"2022-03-02T14:24:36+00:00","og_image":[{"width":960,"height":960,"url":"https:\/\/fraternite-politique.chemin-neuf.org\/wp-content\/uploads\/2021\/03\/youth-1.jpg","type":"image\/jpeg"}],"twitter_card":"summary_large_image","twitter_misc":{"Becs\u00fclt olvas\u00e1si id\u0151":"1 perc"},"schema":{"@context":"https:\/\/schema.org","@graph":[{"@type":"WebPage","@id":"https:\/\/fraternite-politique.chemin-neuf.org\/hu\/rolunk\/politikai-testveriseg\/","url":"https:\/\/fraternite-politique.chemin-neuf.org\/hu\/rolunk\/politikai-testveriseg\/","name":"Politikai Testv\u00e9ris\u00e9g - Politics Fraternity Chemin Neuf Community","isPartOf":{"@id":"https:\/\/fraternite-politique.chemin-neuf.org\/hu\/#website"},"primaryImageOfPage":{"@id":"https:\/\/fraternite-politique.chemin-neuf.org\/hu\/rolunk\/politikai-testveriseg\/#primaryimage"},"image":{"@id":"https:\/\/fraternite-politique.chemin-neuf.org\/hu\/rolunk\/politikai-testveriseg\/#primaryimage"},"thumbnailUrl":"https:\/\/fraternite-politique.chemin-neuf.org\/wp-content\/uploads\/2021\/03\/youth-1.jpg","datePublished":"2021-02-06T13:37:45+00:00","dateModified":"2022-03-02T14:24:36+00:00","description":"A Chemin Neuf Politikai Testv\u00e9ris\u00e9g 18 \u00e9s 35 \u00e9v k\u00f6z\u00f6tti, k\u00fcl\u00f6nb\u00f6z\u0151 orsz\u00e1gokb\u00f3l \u00e9s politikai h\u00e1tt\u00e9rrel rendelkez\u0151 fiatalokat t\u00f6m\u00f6r\u00edt, akiknek ugyanaz a","breadcrumb":{"@id":"https:\/\/fraternite-politique.chemin-neuf.org\/hu\/rolunk\/politikai-testveriseg\/#breadcrumb"},"inLanguage":"hu","potentialAction":[{"@type":"ReadAction","target":["https:\/\/fraternite-politique.chemin-neuf.org\/hu\/rolunk\/politikai-testveriseg\/"]}]},{"@type":"ImageObject","inLanguage":"hu","@id":"https:\/\/fraternite-politique.chemin-neuf.org\/hu\/rolunk\/politikai-testveriseg\/#primaryimage","url":"https:\/\/fraternite-politique.chemin-neuf.org\/wp-content\/uploads\/2021\/03\/youth-1.jpg","contentUrl":"https:\/\/fraternite-politique.chemin-neuf.org\/wp-content\/uploads\/2021\/03\/youth-1.jpg","width":960,"height":960},{"@type":"BreadcrumbList","@id":"https:\/\/fraternite-politique.chemin-neuf.org\/hu\/rolunk\/politikai-testveriseg\/#breadcrumb","itemListElement":[{"@type":"ListItem","position":1,"name":"Home","item":"https:\/\/fraternite-politique.chemin-neuf.org\/hu\/"},{"@type":"ListItem","position":2,"name":"R\u00d3LUNK","item":"https:\/\/fraternite-politique.chemin-neuf.org\/hu\/rolunk\/"},{"@type":"ListItem","position":3,"name":"Politikai Testv\u00e9ris\u00e9g"}]},{"@type":"WebSite","@id":"https:\/\/fraternite-politique.chemin-neuf.org\/hu\/#website","url":"https:\/\/fraternite-politique.chemin-neuf.org\/hu\/","name":"Politics Fraternity Chemin Neuf Community","description":"Politics Fraternity of Chemin Neuf Community","publisher":{"@id":"https:\/\/fraternite-politique.chemin-neuf.org\/hu\/#organization"},"potentialAction":[{"@type":"SearchAction","target":{"@type":"EntryPoint","urlTemplate":"https:\/\/fraternite-politique.chemin-neuf.org\/hu\/?s={search_term_string}"},"query-input":{"@type":"PropertyValueSpecification","valueRequired":true,"valueName":"search_term_string"}}],"inLanguage":"hu"},{"@type":"Organization","@id":"https:\/\/fraternite-politique.chemin-neuf.org\/hu\/#organization","name":"Fraternit\u00e9 Politique Communaut\u00e9 du Chemin Neuf","url":"https:\/\/fraternite-politique.chemin-neuf.org\/hu\/","logo":{"@type":"ImageObject","inLanguage":"hu","@id":"https:\/\/fraternite-politique.chemin-neuf.org\/hu\/#\/schema\/logo\/image\/","url":"https:\/\/fraternite-politique.chemin-neuf.org\/wp-content\/uploads\/2021\/02\/cropped-ccn-png-onglet-site-v3-large.png","contentUrl":"https:\/\/fraternite-politique.chemin-neuf.org\/wp-content\/uploads\/2021\/02\/cropped-ccn-png-onglet-site-v3-large.png","width":512,"height":512,"caption":"Fraternit\u00e9 Politique Communaut\u00e9 du Chemin Neuf"},"image":{"@id":"https:\/\/fraternite-politique.chemin-neuf.org\/hu\/#\/schema\/logo\/image\/"},"sameAs":["https:\/\/www.facebook.com\/fratpolitiqueccn","https:\/\/instagram.com\/fratpo","https:\/\/www.youtube.com\/channel\/UC6YodqkqOIniLyqOfjMLojw"]}]}},"_links":{"self":[{"href":"https:\/\/fraternite-politique.chemin-neuf.org\/hu\/wp-json\/wp\/v2\/pages\/5616","targetHints":{"allow":["GET"]}}],"collection":[{"href":"https:\/\/fraternite-politique.chemin-neuf.org\/hu\/wp-json\/wp\/v2\/pages"}],"about":[{"href":"https:\/\/fraternite-politique.chemin-neuf.org\/hu\/wp-json\/wp\/v2\/types\/page"}],"author":[{"embeddable":true,"href":"https:\/\/fraternite-politique.chemin-neuf.org\/hu\/wp-json\/wp\/v2\/users\/6"}],"replies":[{"embeddable":true,"href":"https:\/\/fraternite-politique.chemin-neuf.org\/hu\/wp-json\/wp\/v2\/comments?post=5616"}],"version-history":[{"count":1,"href":"https:\/\/fraternite-politique.chemin-neuf.org\/hu\/wp-json\/wp\/v2\/pages\/5616\/revisions"}],"predecessor-version":[{"id":5617,"href":"https:\/\/fraternite-politique.chemin-neuf.org\/hu\/wp-json\/wp\/v2\/pages\/5616\/revisions\/5617"}],"up":[{"embeddable":true,"href":"https:\/\/fraternite-politique.chemin-neuf.org\/hu\/wp-json\/wp\/v2\/pages\/5584"}],"wp:featuredmedia":[{"embeddable":true,"href":"https:\/\/fraternite-politique.chemin-neuf.org\/hu\/wp-json\/wp\/v2\/media\/5441"}],"wp:attachment":[{"href":"https:\/\/fraternite-politique.chemin-neuf.org\/hu\/wp-json\/wp\/v2\/media?parent=5616"}],"curies":[{"name":"wp","href":"https:\/\/api.w.org\/{rel}","templated":true}]}}