{"id":6429,"date":"2021-02-07T15:00:15","date_gmt":"2021-02-07T14:00:15","guid":{"rendered":"https:\/\/fraternite-politique.chemin-neuf.org\/?page_id=6429"},"modified":"2022-04-06T11:55:54","modified_gmt":"2022-04-06T09:55:54","slug":"engagement-jahr","status":"publish","type":"page","link":"https:\/\/fraternite-politique.chemin-neuf.org\/de\/werde-mitglied\/engagement-jahr\/","title":{"rendered":"Das Engagement in der Politics Fraternity"},"content":{"rendered":"\n<p>Indem du zur Politics Fraternity dazust\u00f6sst verschreibst du dich dem Dienst f\u00fcr das Gemeinwohl, in stetem H\u00f6ren auf Christi Wort und Geist und in Gemeinschaft mit anderen, die ebenso wie du die Welt gestalten wollen.<\/p>\n\n\n\n<p>Wer Mitglied werden m\u00f6chte <strong>engagiert sich stets f\u00fcr ein ganzes Jahr<\/strong> (wiederholbar), um sich selbst und anderen Zeit zu geben f\u00fcr gelingenden Austausch und Handeln l\u00e4ngerfristig auszurichten.<\/p>\n\n\n\n<h2 class=\"wp-block-heading\">5 S\u00e4ulen<\/h2>\n\n\n\n<p>Die Politics Fraternity basiert auf 5 folgenden S\u00e4ulen:<\/p>\n\n\n\n<h3 class=\"wp-block-heading\">Geschwisterlichkeit<\/h3>\n\n\n\n<p>Wir organisieren uns in <strong>lokalen Gruppen (&#8222;Frats&#8220;)<\/strong> von je 5 bis 10 Leuten, die wenn m\u00f6glich alle in einer Stadt oder Region leben und sich <strong>ein mal im Monat<\/strong> pers\u00f6nlich treffen k\u00f6nnen (alternativ gibt es auch einige online &#8222;Frats&#8220;, die sich regelm\u00e4ssig virtuell austauschen).<\/p>\n\n\n\n<p>W\u00e4hrend dieser Treffen versucht die Kleingruppe gemeinsam die Stimme des Heiligen Geist ausfindig zu machen. Wir beten f\u00fcreinander, mit Fragen des Alltags, und f\u00fcr das politische Engagement der anderen &#8222;Frat&#8220;-Mitglieder.<\/p>\n\n\n\n<p>Unsere pers\u00f6nlichen Erlebnisse, \u00dcberzeugungen und nationalen sowie kirchlichen Traditionen und Kulturen sind sehr vielf\u00e4ltig. Sie sind ein wahrer Schatz und wir erleben am eigenen K\u00f6rper, dass es schlussendlich Christus ist, der uns eint.<\/p>\n\n\n\n<div class=\"wp-block-buttons is-horizontal is-content-justification-center is-layout-flex wp-container-core-buttons-is-layout-499968f5 wp-block-buttons-is-layout-flex\">\n<div class=\"wp-block-button\"><a class=\"wp-block-button__link has-white-color has-orange-background-color has-text-color has-background\" href=\"https:\/\/fraternite-politique.chemin-neuf.org\/de\/kontakt\/\">Eine &#8222;Frat&#8220; finden<\/a><\/div>\n<\/div>\n\n\n\n<h3 class=\"wp-block-heading\">Gebet und F\u00fcrsprache<\/h3>\n\n\n\n<p><em>&#8222;Weiter sage ich euch: Was auch immer zwei von euch auf Erden einm\u00fctig erbitten, werden sie von meinem himmlischen Vater erhalten. Denn wo zwei oder drei in meinem Namen versammelt sind, da bin ich mitten unter ihnen.&#8220;<\/em> (Matth\u00e4us 18, 19-20)<\/p>\n\n\n\n<p>Wir glauben an dieses Wort Gottes!<br>Und wir wissen, dass Er wenn Er uns zum Dienst ruft auch Wunder durch uns wirken m\u00f6chte.<\/p>\n\n\n\n<p>Alle Mitglieder der Politics Fraternity beten <strong>am Sonntagabend<\/strong> gemeinsam. Die sonnt\u00e4gliche Viertelstunde Gebet in der WhatsApp-Kapelle wird im Wechsel von je einem Mitglied angeleitet. So variieren die Themen und F\u00fcrbitten von einer Woche zur anderen, je nachdem was in die Mitglieder in ihren L\u00e4ndern derzeit besch\u00e4ftigt.<\/p>\n\n\n\n<h3 class=\"wp-block-heading\">Fortbildung<\/h3>\n\n\n\n<p>Weil es notwendig ist, <strong>die Welt zu verstehen<\/strong> in der wir zum Handeln aufgerufen sind, verschreiben wir uns auch einem stetigen Lernen. Die Mitglieder der Politics Fraternity engagieren sich, ihr Kenntnis der Soziallehren underer Kirchen und des Evangeliums zu vertiefen &#8211; beides sind Sch\u00e4tze, die es nicht nur zu teilen sondern auch f\u00fcr sich selbst immer wieder neu zu entdecken gilt!<\/p>\n\n\n\n<p>Diese intelektuelle Ausbildung h\u00e4tte kaum Sinn ohne <strong>eine solide spirituelle Ausbildung<\/strong>: &#8222;schlagt Wurzeln um Frucht zu tragen!&#8220; W\u00e4hrend jeder unserer Begegnungen bieten wir an, unsere Wurzeln mit den Gebetsformen der Gemeinschaft Chemin Neuf individuell und gemeinschaftlich auszustrecken.<\/p>\n\n\n\n<p>Im Laufe eines Jahres gibt es in der Regel <strong>drei Wochenenden<\/strong>, die der geistlichen und inhaltlichen Fortbildung dienen. Diese finden sowohl im Heimatland als auch mindestens einmal im Jahr f\u00fcr ein internationales Treffen im Ausland statt.<\/p>\n\n\n\n<h3 class=\"wp-block-heading\">Dienerschaft<\/h3>\n\n\n\n<p>Das Engagement in der Politics Fraternity ist in kein politisches Engagement an sich, und soll es auch nicht sein!<\/p>\n\n\n\n<p>Sie bietet eher M\u00f6glichkeiten zur Begleitung und gegenseitigen Unterst\u00fctzung. Alle Mitglieder engagieren sich ausserhalb der Frat Po in Politik und\/oder Gesellschaft und so bringt auch jedes Mitglied bereits ein starkes eigenes Zeugnis mit.<\/p>\n\n\n\n<p>Diejenigen, die sich uns anschliessen wollen, ermuntern wir, sich f\u00fcr das Jahr Mitgliedschaft in der Frat Po ein weiteres Engagement in Politik und\/oder Gesellschaft zu suchen &#8211; bzw. ein bereits existentes auszubauen. Dieses kann unterschiedlichste Formen annehmen (gew\u00e4hltes Mandat, Aktivismus, Plaidoyer, Soziales, etc.)<\/p>\n\n\n\n<h3 class=\"wp-block-heading\">Zeugnis<\/h3>\n\n\n\n<p>In der Politik kann man den Glauben nicht unbedingt offen darlegen, auch wenn er das Fundament unseres Handelns sein mag. Dennoch wolllen wir in Politik und Gesellschaft Zeugnis ablegen, von Liebe und Gerechtigkeit, von der permanenten Suche nach dem Willen Gottes.<\/p>\n\n\n\n<p>Wir wollen unser Leben mit der Frohen Botschaft des Evangeliums in Einklang bringen. Pers\u00f6nliche Umkehr gelingt, wenn wir uns im Alltag auf Christus zur\u00fcckbesinnen, eine regelm\u00e4ssige spirituelle Begleitung eingehen, und unsere Talente und Zeit immer wieder verschenken.<\/p>\n","protected":false},"excerpt":{"rendered":"<p>Indem du zur Politics Fraternity dazust\u00f6sst verschreibst du dich dem Dienst f\u00fcr das Gemeinwohl, in stetem H\u00f6ren auf Christi Wort und Geist und in Gemeinschaft mit anderen, die ebenso wie du die Welt gestalten wollen. Wer Mitglied werden m\u00f6chte engagiert sich stets f\u00fcr ein ganzes Jahr (wiederholbar), um sich selbst und anderen Zeit zu geben [&hellip;]<\/p>\n","protected":false},"author":6,"featured_media":5430,"parent":6424,"menu_order":0,"comment_status":"closed","ping_status":"closed","template":"","meta":{"_acf_changed":false,"footnotes":""},"class_list":["post-6429","page","type-page","status-publish","has-post-thumbnail","hentry"],"acf":[],"yoast_head":"<!-- This site is optimized with the Yoast SEO plugin v27.5 - https:\/\/yoast.com\/product\/yoast-seo-wordpress\/ -->\n<title>Das Engagement in der Politics Fraternity - Politics Fraternity Chemin Neuf Community<\/title>\n<meta name=\"description\" content=\"Indem du zur Politics Fraternity dazust\u00f6sst verschreibst du dich dem Dienst f\u00fcr das Gemeinwohl, in stetem H\u00f6ren auf Christi Wort und Geist und in\" \/>\n<meta name=\"robots\" content=\"index, follow, max-snippet:-1, max-image-preview:large, max-video-preview:-1\" \/>\n<link rel=\"canonical\" href=\"https:\/\/fraternite-politique.chemin-neuf.org\/de\/werde-mitglied\/engagement-jahr\/\" \/>\n<meta property=\"og:locale\" content=\"de_DE\" \/>\n<meta property=\"og:type\" content=\"article\" \/>\n<meta property=\"og:title\" content=\"Das Engagement in der Politics Fraternity - Politics Fraternity Chemin Neuf Community\" \/>\n<meta property=\"og:description\" content=\"Indem du zur Politics Fraternity dazust\u00f6sst verschreibst du dich dem Dienst f\u00fcr das Gemeinwohl, in stetem H\u00f6ren auf Christi Wort und Geist und in\" \/>\n<meta property=\"og:url\" content=\"https:\/\/fraternite-politique.chemin-neuf.org\/de\/werde-mitglied\/engagement-jahr\/\" \/>\n<meta property=\"og:site_name\" content=\"Politics Fraternity Chemin Neuf Community\" \/>\n<meta property=\"article:publisher\" content=\"https:\/\/www.facebook.com\/fratpolitiqueccn\" \/>\n<meta property=\"article:modified_time\" content=\"2022-04-06T09:55:54+00:00\" \/>\n<meta property=\"og:image\" content=\"https:\/\/fraternite-politique.chemin-neuf.org\/wp-content\/uploads\/2021\/02\/57c54ba0245640c3018d13ceFraternite-politique.jpg\" \/>\n\t<meta property=\"og:image:width\" content=\"1800\" \/>\n\t<meta property=\"og:image:height\" content=\"1043\" \/>\n\t<meta property=\"og:image:type\" content=\"image\/jpeg\" \/>\n<meta name=\"twitter:card\" content=\"summary_large_image\" \/>\n<meta name=\"twitter:label1\" content=\"Gesch\u00e4tzte Lesezeit\" \/>\n\t<meta name=\"twitter:data1\" content=\"3\u00a0Minuten\" \/>\n<script type=\"application\/ld+json\" class=\"yoast-schema-graph\">{\"@context\":\"https:\\\/\\\/schema.org\",\"@graph\":[{\"@type\":\"WebPage\",\"@id\":\"https:\\\/\\\/fraternite-politique.chemin-neuf.org\\\/de\\\/werde-mitglied\\\/engagement-jahr\\\/\",\"url\":\"https:\\\/\\\/fraternite-politique.chemin-neuf.org\\\/de\\\/werde-mitglied\\\/engagement-jahr\\\/\",\"name\":\"Das Engagement in der Politics Fraternity - Politics Fraternity Chemin Neuf Community\",\"isPartOf\":{\"@id\":\"https:\\\/\\\/fraternite-politique.chemin-neuf.org\\\/de\\\/#website\"},\"primaryImageOfPage\":{\"@id\":\"https:\\\/\\\/fraternite-politique.chemin-neuf.org\\\/de\\\/werde-mitglied\\\/engagement-jahr\\\/#primaryimage\"},\"image\":{\"@id\":\"https:\\\/\\\/fraternite-politique.chemin-neuf.org\\\/de\\\/werde-mitglied\\\/engagement-jahr\\\/#primaryimage\"},\"thumbnailUrl\":\"https:\\\/\\\/fraternite-politique.chemin-neuf.org\\\/wp-content\\\/uploads\\\/2021\\\/02\\\/57c54ba0245640c3018d13ceFraternite-politique.jpg\",\"datePublished\":\"2021-02-07T14:00:15+00:00\",\"dateModified\":\"2022-04-06T09:55:54+00:00\",\"description\":\"Indem du zur Politics Fraternity dazust\u00f6sst verschreibst du dich dem Dienst f\u00fcr das Gemeinwohl, in stetem H\u00f6ren auf Christi Wort und Geist und in\",\"breadcrumb\":{\"@id\":\"https:\\\/\\\/fraternite-politique.chemin-neuf.org\\\/de\\\/werde-mitglied\\\/engagement-jahr\\\/#breadcrumb\"},\"inLanguage\":\"de\",\"potentialAction\":[{\"@type\":\"ReadAction\",\"target\":[\"https:\\\/\\\/fraternite-politique.chemin-neuf.org\\\/de\\\/werde-mitglied\\\/engagement-jahr\\\/\"]}]},{\"@type\":\"ImageObject\",\"inLanguage\":\"de\",\"@id\":\"https:\\\/\\\/fraternite-politique.chemin-neuf.org\\\/de\\\/werde-mitglied\\\/engagement-jahr\\\/#primaryimage\",\"url\":\"https:\\\/\\\/fraternite-politique.chemin-neuf.org\\\/wp-content\\\/uploads\\\/2021\\\/02\\\/57c54ba0245640c3018d13ceFraternite-politique.jpg\",\"contentUrl\":\"https:\\\/\\\/fraternite-politique.chemin-neuf.org\\\/wp-content\\\/uploads\\\/2021\\\/02\\\/57c54ba0245640c3018d13ceFraternite-politique.jpg\",\"width\":1800,\"height\":1043},{\"@type\":\"BreadcrumbList\",\"@id\":\"https:\\\/\\\/fraternite-politique.chemin-neuf.org\\\/de\\\/werde-mitglied\\\/engagement-jahr\\\/#breadcrumb\",\"itemListElement\":[{\"@type\":\"ListItem\",\"position\":1,\"name\":\"Home\",\"item\":\"https:\\\/\\\/fraternite-politique.chemin-neuf.org\\\/de\\\/\"},{\"@type\":\"ListItem\",\"position\":2,\"name\":\"WERDE MITGLIED\",\"item\":\"https:\\\/\\\/fraternite-politique.chemin-neuf.org\\\/de\\\/werde-mitglied\\\/\"},{\"@type\":\"ListItem\",\"position\":3,\"name\":\"Das Engagement in der Politics Fraternity\"}]},{\"@type\":\"WebSite\",\"@id\":\"https:\\\/\\\/fraternite-politique.chemin-neuf.org\\\/de\\\/#website\",\"url\":\"https:\\\/\\\/fraternite-politique.chemin-neuf.org\\\/de\\\/\",\"name\":\"Politics Fraternity Chemin Neuf Community\",\"description\":\"Politics Fraternity of Chemin Neuf Community\",\"publisher\":{\"@id\":\"https:\\\/\\\/fraternite-politique.chemin-neuf.org\\\/de\\\/#organization\"},\"potentialAction\":[{\"@type\":\"SearchAction\",\"target\":{\"@type\":\"EntryPoint\",\"urlTemplate\":\"https:\\\/\\\/fraternite-politique.chemin-neuf.org\\\/de\\\/?s={search_term_string}\"},\"query-input\":{\"@type\":\"PropertyValueSpecification\",\"valueRequired\":true,\"valueName\":\"search_term_string\"}}],\"inLanguage\":\"de\"},{\"@type\":\"Organization\",\"@id\":\"https:\\\/\\\/fraternite-politique.chemin-neuf.org\\\/de\\\/#organization\",\"name\":\"Fraternit\u00e9 Politique Communaut\u00e9 du Chemin Neuf\",\"url\":\"https:\\\/\\\/fraternite-politique.chemin-neuf.org\\\/de\\\/\",\"logo\":{\"@type\":\"ImageObject\",\"inLanguage\":\"de\",\"@id\":\"https:\\\/\\\/fraternite-politique.chemin-neuf.org\\\/de\\\/#\\\/schema\\\/logo\\\/image\\\/\",\"url\":\"https:\\\/\\\/fraternite-politique.chemin-neuf.org\\\/wp-content\\\/uploads\\\/2021\\\/02\\\/cropped-ccn-png-onglet-site-v3-large.png\",\"contentUrl\":\"https:\\\/\\\/fraternite-politique.chemin-neuf.org\\\/wp-content\\\/uploads\\\/2021\\\/02\\\/cropped-ccn-png-onglet-site-v3-large.png\",\"width\":512,\"height\":512,\"caption\":\"Fraternit\u00e9 Politique Communaut\u00e9 du Chemin Neuf\"},\"image\":{\"@id\":\"https:\\\/\\\/fraternite-politique.chemin-neuf.org\\\/de\\\/#\\\/schema\\\/logo\\\/image\\\/\"},\"sameAs\":[\"https:\\\/\\\/www.facebook.com\\\/fratpolitiqueccn\",\"https:\\\/\\\/instagram.com\\\/fratpo\",\"https:\\\/\\\/www.youtube.com\\\/channel\\\/UC6YodqkqOIniLyqOfjMLojw\"]}]}<\/script>\n<!-- \/ Yoast SEO plugin. -->","yoast_head_json":{"title":"Das Engagement in der Politics Fraternity - Politics Fraternity Chemin Neuf Community","description":"Indem du zur Politics Fraternity dazust\u00f6sst verschreibst du dich dem Dienst f\u00fcr das Gemeinwohl, in stetem H\u00f6ren auf Christi Wort und Geist und in","robots":{"index":"index","follow":"follow","max-snippet":"max-snippet:-1","max-image-preview":"max-image-preview:large","max-video-preview":"max-video-preview:-1"},"canonical":"https:\/\/fraternite-politique.chemin-neuf.org\/de\/werde-mitglied\/engagement-jahr\/","og_locale":"de_DE","og_type":"article","og_title":"Das Engagement in der Politics Fraternity - Politics Fraternity Chemin Neuf Community","og_description":"Indem du zur Politics Fraternity dazust\u00f6sst verschreibst du dich dem Dienst f\u00fcr das Gemeinwohl, in stetem H\u00f6ren auf Christi Wort und Geist und in","og_url":"https:\/\/fraternite-politique.chemin-neuf.org\/de\/werde-mitglied\/engagement-jahr\/","og_site_name":"Politics Fraternity Chemin Neuf Community","article_publisher":"https:\/\/www.facebook.com\/fratpolitiqueccn","article_modified_time":"2022-04-06T09:55:54+00:00","og_image":[{"width":1800,"height":1043,"url":"https:\/\/fraternite-politique.chemin-neuf.org\/wp-content\/uploads\/2021\/02\/57c54ba0245640c3018d13ceFraternite-politique.jpg","type":"image\/jpeg"}],"twitter_card":"summary_large_image","twitter_misc":{"Gesch\u00e4tzte Lesezeit":"3\u00a0Minuten"},"schema":{"@context":"https:\/\/schema.org","@graph":[{"@type":"WebPage","@id":"https:\/\/fraternite-politique.chemin-neuf.org\/de\/werde-mitglied\/engagement-jahr\/","url":"https:\/\/fraternite-politique.chemin-neuf.org\/de\/werde-mitglied\/engagement-jahr\/","name":"Das Engagement in der Politics Fraternity - Politics Fraternity Chemin Neuf Community","isPartOf":{"@id":"https:\/\/fraternite-politique.chemin-neuf.org\/de\/#website"},"primaryImageOfPage":{"@id":"https:\/\/fraternite-politique.chemin-neuf.org\/de\/werde-mitglied\/engagement-jahr\/#primaryimage"},"image":{"@id":"https:\/\/fraternite-politique.chemin-neuf.org\/de\/werde-mitglied\/engagement-jahr\/#primaryimage"},"thumbnailUrl":"https:\/\/fraternite-politique.chemin-neuf.org\/wp-content\/uploads\/2021\/02\/57c54ba0245640c3018d13ceFraternite-politique.jpg","datePublished":"2021-02-07T14:00:15+00:00","dateModified":"2022-04-06T09:55:54+00:00","description":"Indem du zur Politics Fraternity dazust\u00f6sst verschreibst du dich dem Dienst f\u00fcr das Gemeinwohl, in stetem H\u00f6ren auf Christi Wort und Geist und in","breadcrumb":{"@id":"https:\/\/fraternite-politique.chemin-neuf.org\/de\/werde-mitglied\/engagement-jahr\/#breadcrumb"},"inLanguage":"de","potentialAction":[{"@type":"ReadAction","target":["https:\/\/fraternite-politique.chemin-neuf.org\/de\/werde-mitglied\/engagement-jahr\/"]}]},{"@type":"ImageObject","inLanguage":"de","@id":"https:\/\/fraternite-politique.chemin-neuf.org\/de\/werde-mitglied\/engagement-jahr\/#primaryimage","url":"https:\/\/fraternite-politique.chemin-neuf.org\/wp-content\/uploads\/2021\/02\/57c54ba0245640c3018d13ceFraternite-politique.jpg","contentUrl":"https:\/\/fraternite-politique.chemin-neuf.org\/wp-content\/uploads\/2021\/02\/57c54ba0245640c3018d13ceFraternite-politique.jpg","width":1800,"height":1043},{"@type":"BreadcrumbList","@id":"https:\/\/fraternite-politique.chemin-neuf.org\/de\/werde-mitglied\/engagement-jahr\/#breadcrumb","itemListElement":[{"@type":"ListItem","position":1,"name":"Home","item":"https:\/\/fraternite-politique.chemin-neuf.org\/de\/"},{"@type":"ListItem","position":2,"name":"WERDE MITGLIED","item":"https:\/\/fraternite-politique.chemin-neuf.org\/de\/werde-mitglied\/"},{"@type":"ListItem","position":3,"name":"Das Engagement in der Politics Fraternity"}]},{"@type":"WebSite","@id":"https:\/\/fraternite-politique.chemin-neuf.org\/de\/#website","url":"https:\/\/fraternite-politique.chemin-neuf.org\/de\/","name":"Politics Fraternity Chemin Neuf Community","description":"Politics Fraternity of Chemin Neuf Community","publisher":{"@id":"https:\/\/fraternite-politique.chemin-neuf.org\/de\/#organization"},"potentialAction":[{"@type":"SearchAction","target":{"@type":"EntryPoint","urlTemplate":"https:\/\/fraternite-politique.chemin-neuf.org\/de\/?s={search_term_string}"},"query-input":{"@type":"PropertyValueSpecification","valueRequired":true,"valueName":"search_term_string"}}],"inLanguage":"de"},{"@type":"Organization","@id":"https:\/\/fraternite-politique.chemin-neuf.org\/de\/#organization","name":"Fraternit\u00e9 Politique Communaut\u00e9 du Chemin Neuf","url":"https:\/\/fraternite-politique.chemin-neuf.org\/de\/","logo":{"@type":"ImageObject","inLanguage":"de","@id":"https:\/\/fraternite-politique.chemin-neuf.org\/de\/#\/schema\/logo\/image\/","url":"https:\/\/fraternite-politique.chemin-neuf.org\/wp-content\/uploads\/2021\/02\/cropped-ccn-png-onglet-site-v3-large.png","contentUrl":"https:\/\/fraternite-politique.chemin-neuf.org\/wp-content\/uploads\/2021\/02\/cropped-ccn-png-onglet-site-v3-large.png","width":512,"height":512,"caption":"Fraternit\u00e9 Politique Communaut\u00e9 du Chemin Neuf"},"image":{"@id":"https:\/\/fraternite-politique.chemin-neuf.org\/de\/#\/schema\/logo\/image\/"},"sameAs":["https:\/\/www.facebook.com\/fratpolitiqueccn","https:\/\/instagram.com\/fratpo","https:\/\/www.youtube.com\/channel\/UC6YodqkqOIniLyqOfjMLojw"]}]}},"_links":{"self":[{"href":"https:\/\/fraternite-politique.chemin-neuf.org\/de\/wp-json\/wp\/v2\/pages\/6429","targetHints":{"allow":["GET"]}}],"collection":[{"href":"https:\/\/fraternite-politique.chemin-neuf.org\/de\/wp-json\/wp\/v2\/pages"}],"about":[{"href":"https:\/\/fraternite-politique.chemin-neuf.org\/de\/wp-json\/wp\/v2\/types\/page"}],"author":[{"embeddable":true,"href":"https:\/\/fraternite-politique.chemin-neuf.org\/de\/wp-json\/wp\/v2\/users\/6"}],"replies":[{"embeddable":true,"href":"https:\/\/fraternite-politique.chemin-neuf.org\/de\/wp-json\/wp\/v2\/comments?post=6429"}],"version-history":[{"count":1,"href":"https:\/\/fraternite-politique.chemin-neuf.org\/de\/wp-json\/wp\/v2\/pages\/6429\/revisions"}],"predecessor-version":[{"id":6433,"href":"https:\/\/fraternite-politique.chemin-neuf.org\/de\/wp-json\/wp\/v2\/pages\/6429\/revisions\/6433"}],"up":[{"embeddable":true,"href":"https:\/\/fraternite-politique.chemin-neuf.org\/de\/wp-json\/wp\/v2\/pages\/6424"}],"wp:featuredmedia":[{"embeddable":true,"href":"https:\/\/fraternite-politique.chemin-neuf.org\/de\/wp-json\/wp\/v2\/media\/5430"}],"wp:attachment":[{"href":"https:\/\/fraternite-politique.chemin-neuf.org\/de\/wp-json\/wp\/v2\/media?parent=6429"}],"curies":[{"name":"wp","href":"https:\/\/api.w.org\/{rel}","templated":true}]}}