{"id":6403,"date":"2021-02-06T14:37:45","date_gmt":"2021-02-06T13:37:45","guid":{"rendered":"https:\/\/fraternite-politique.chemin-neuf.org\/?page_id=6403"},"modified":"2022-04-06T10:12:53","modified_gmt":"2022-04-06T08:12:53","slug":"die-politics-fraternity","status":"publish","type":"page","link":"https:\/\/fraternite-politique.chemin-neuf.org\/de\/wer-sind-wir\/die-politics-fraternity\/","title":{"rendered":"Die Politics Fraternity"},"content":{"rendered":"\n<div class=\"wp-block-columns is-style-default is-layout-flex wp-container-core-columns-is-layout-9d6595d7 wp-block-columns-is-layout-flex\">\n<div class=\"wp-block-column is-vertically-aligned-center is-layout-flow wp-block-column-is-layout-flow\">\n<div style=\"height:5px\" aria-hidden=\"true\" class=\"wp-block-spacer\"><\/div>\n\n\n\n<p class=\"has-large-font-size\">Die Politics Fraternity verbindet junge Christinnen und Christen im Alter von 18 bis 35 Jahren, die sich aus unterschiedlichen L\u00e4ndern und mit verschiedenen politischen \u00dcberzeugungen zusammenfinden. Wir sind geeint in dem Wunsch, Gott und unserem N\u00e4chsten zu dienen. Wir wollen uns gesellschaftlich und politisch zum h\u00f6chsten Wohle aller, insbesondere der Armen und Benachteiligten, engagieren.<\/p>\n<\/div>\n\n\n\n<div class=\"wp-block-column is-layout-flow wp-block-column-is-layout-flow\">\n<figure class=\"wp-block-embed is-type-video is-provider-youtube wp-block-embed-youtube wp-embed-aspect-16-9 wp-has-aspect-ratio\"><div class=\"wp-block-embed__wrapper\">\n<iframe loading=\"lazy\" title=\"The Chemin Neuf POLITICS FRATERNITY\" width=\"500\" height=\"281\" src=\"https:\/\/www.youtube.com\/embed\/HT5asY5BBAE?feature=oembed\" frameborder=\"0\" allow=\"accelerometer; autoplay; clipboard-write; encrypted-media; gyroscope; picture-in-picture; web-share\" referrerpolicy=\"strict-origin-when-cross-origin\" allowfullscreen><\/iframe>\n<\/div><\/figure>\n\n\n\n<p><\/p>\n<\/div>\n<\/div>\n\n\n\n<div class=\"wp-block-columns is-layout-flex wp-container-core-columns-is-layout-9d6595d7 wp-block-columns-is-layout-flex\">\n<div class=\"wp-block-column is-layout-flow wp-block-column-is-layout-flow\">\n<h5 class=\"alignfull has-large-font-size wp-block-heading\">Wir sch\u00f6pfen aus drei Quellen<\/h5>\n<\/div>\n<\/div>\n\n\n\n<div class=\"wp-block-columns are-vertically-aligned-center is-layout-flex wp-container-core-columns-is-layout-9d6595d7 wp-block-columns-is-layout-flex\">\n<div class=\"wp-block-column is-vertically-aligned-center is-layout-flow wp-block-column-is-layout-flow\">\n<div class=\"wp-block-columns is-layout-flex wp-container-core-columns-is-layout-9d6595d7 wp-block-columns-is-layout-flex\">\n<div class=\"wp-block-column is-vertically-aligned-center is-layout-flow wp-block-column-is-layout-flow\" style=\"flex-basis:33.33%\">\n<div class=\"wp-block-image\"><figure class=\"aligncenter size-large is-resized\"><img decoding=\"async\" src=\"https:\/\/fraternite-politique.chemin-neuf.org\/wp-content\/uploads\/2021\/03\/ccn-rectangle-ignace-edited.jpg\" alt=\"\" class=\"wp-image-1715\" width=\"200\" height=\"200\" srcset=\"https:\/\/fraternite-politique.chemin-neuf.org\/wp-content\/uploads\/2021\/03\/ccn-rectangle-ignace-edited.jpg 400w, https:\/\/fraternite-politique.chemin-neuf.org\/wp-content\/uploads\/2021\/03\/ccn-rectangle-ignace-edited-300x300.jpg 300w, https:\/\/fraternite-politique.chemin-neuf.org\/wp-content\/uploads\/2021\/03\/ccn-rectangle-ignace-edited-150x150.jpg 150w\" sizes=\"(max-width: 200px) 100vw, 200px\" \/><\/figure><\/div>\n<\/div>\n\n\n\n<div class=\"wp-block-column is-vertically-aligned-center is-layout-flow wp-block-column-is-layout-flow\" style=\"flex-basis:66.66%\">\n<p class=\"has-text-align-center has-large-font-size\"><strong><em>Ignatianischer Spiritualit\u00e4t<\/em><\/strong><em>, <\/em><br><em>mit solider geistlicher Ausbildung <\/em><br><em>und stetem Horchen <\/em><br><em>auf die Stimme Gottes,<\/em><\/p>\n<\/div>\n<\/div>\n<\/div>\n\n\n\n<div class=\"wp-block-column is-vertically-aligned-center is-layout-flow wp-block-column-is-layout-flow\">\n<div class=\"wp-block-columns is-layout-flex wp-container-core-columns-is-layout-9d6595d7 wp-block-columns-is-layout-flex\">\n<div class=\"wp-block-column is-vertically-aligned-center is-layout-flow wp-block-column-is-layout-flow\" style=\"flex-basis:33.33%\">\n<div class=\"wp-block-image\"><figure class=\"aligncenter size-large is-resized\"><img decoding=\"async\" src=\"https:\/\/fraternite-politique.chemin-neuf.org\/wp-content\/uploads\/2021\/03\/ccn-rectangle-lumiere-2-edited.jpg\" alt=\"\" class=\"wp-image-1717\" width=\"200\" height=\"200\" srcset=\"https:\/\/fraternite-politique.chemin-neuf.org\/wp-content\/uploads\/2021\/03\/ccn-rectangle-lumiere-2-edited.jpg 400w, https:\/\/fraternite-politique.chemin-neuf.org\/wp-content\/uploads\/2021\/03\/ccn-rectangle-lumiere-2-edited-300x300.jpg 300w, https:\/\/fraternite-politique.chemin-neuf.org\/wp-content\/uploads\/2021\/03\/ccn-rectangle-lumiere-2-edited-150x150.jpg 150w\" sizes=\"(max-width: 200px) 100vw, 200px\" \/><\/figure><\/div>\n<\/div>\n\n\n\n<div class=\"wp-block-column is-vertically-aligned-center is-layout-flow wp-block-column-is-layout-flow\" style=\"flex-basis:66.66%\">\n<p class=\"has-text-align-center has-large-font-size\"><strong><em>Leben im Heiligen Geist<\/em><\/strong><em>, <\/em><br><em>Sch\u00f6pfer alles Neuen, <\/em><br><em>der uns zum Handeln antreibt,<\/em><\/p>\n<\/div>\n<\/div>\n<\/div>\n<\/div>\n\n\n\n<div class=\"wp-block-columns is-layout-flex wp-container-core-columns-is-layout-9d6595d7 wp-block-columns-is-layout-flex\">\n<div class=\"wp-block-column is-layout-flow wp-block-column-is-layout-flow\" style=\"flex-basis:20%\"><\/div>\n\n\n\n<div class=\"wp-block-column is-layout-flow wp-block-column-is-layout-flow\" style=\"flex-basis:60%\">\n<div class=\"wp-block-columns is-layout-flex wp-container-core-columns-is-layout-9d6595d7 wp-block-columns-is-layout-flex\">\n<div class=\"wp-block-column is-vertically-aligned-center is-layout-flow wp-block-column-is-layout-flow\" style=\"flex-basis:33.33%\">\n<div class=\"wp-block-image\"><figure class=\"aligncenter size-large is-resized\"><img decoding=\"async\" src=\"https:\/\/fraternite-politique.chemin-neuf.org\/wp-content\/uploads\/2021\/03\/5f622d6c396588bb3e9de2c0KeepInTouch-142-edited.jpg\" alt=\"\" class=\"wp-image-1719\" width=\"200\" height=\"200\" srcset=\"https:\/\/fraternite-politique.chemin-neuf.org\/wp-content\/uploads\/2021\/03\/5f622d6c396588bb3e9de2c0KeepInTouch-142-edited.jpg 480w, https:\/\/fraternite-politique.chemin-neuf.org\/wp-content\/uploads\/2021\/03\/5f622d6c396588bb3e9de2c0KeepInTouch-142-edited-300x300.jpg 300w, https:\/\/fraternite-politique.chemin-neuf.org\/wp-content\/uploads\/2021\/03\/5f622d6c396588bb3e9de2c0KeepInTouch-142-edited-150x150.jpg 150w\" sizes=\"(max-width: 200px) 100vw, 200px\" \/><\/figure><\/div>\n<\/div>\n\n\n\n<div class=\"wp-block-column is-vertically-aligned-center is-layout-flow wp-block-column-is-layout-flow\" style=\"flex-basis:66.66%\">\n<p class=\"has-text-align-center has-large-font-size\"><strong><em>Geschwisterlichkeit<\/em><\/strong><em>, <\/em><br><em>Ort der Wahrheit, <\/em><br><em>der Demut und der Freude, <\/em><br><em>Mutterboden f\u00fcr wahrhafte und langfristige Nachfolge Christi.<\/em><\/p>\n<\/div>\n<\/div>\n<\/div>\n\n\n\n<div class=\"wp-block-column is-layout-flow wp-block-column-is-layout-flow\" style=\"flex-basis:20%\"><\/div>\n<\/div>\n\n\n\n<div class=\"wp-block-buttons is-horizontal is-content-justification-center is-layout-flex wp-container-core-buttons-is-layout-499968f5 wp-block-buttons-is-layout-flex\">\n<div class=\"wp-block-button is-style-outline is-style-outline--1\"><a class=\"wp-block-button__link has-black-color has-white-background-color has-text-color has-background\" href=\"https:\/\/fraternite-politique.chemin-neuf.org\/de\/wer-sind-wir\/manifesto\/\">Lese das Manifesto<\/a><\/div>\n<\/div>\n\n\n\n<div style=\"height:100px\" aria-hidden=\"true\" class=\"wp-block-spacer\"><\/div>\n","protected":false},"excerpt":{"rendered":"<p>Die Politics Fraternity verbindet junge Christinnen und Christen im Alter von 18 bis 35 Jahren, die sich aus unterschiedlichen L\u00e4ndern und mit verschiedenen politischen \u00dcberzeugungen zusammenfinden. Wir sind geeint in dem Wunsch, Gott und unserem N\u00e4chsten zu dienen. Wir wollen uns gesellschaftlich und politisch zum h\u00f6chsten Wohle aller, insbesondere der Armen und Benachteiligten, engagieren. Wir [&hellip;]<\/p>\n","protected":false},"author":6,"featured_media":5068,"parent":6371,"menu_order":0,"comment_status":"closed","ping_status":"closed","template":"","meta":{"_acf_changed":false,"footnotes":""},"class_list":["post-6403","page","type-page","status-publish","has-post-thumbnail","hentry"],"acf":[],"yoast_head":"<!-- This site is optimized with the Yoast SEO plugin v27.5 - https:\/\/yoast.com\/product\/yoast-seo-wordpress\/ -->\n<title>Die Politics Fraternity - Politics Fraternity Chemin Neuf Community<\/title>\n<meta name=\"description\" content=\"Die Politics Fraternity verbindet junge Christinnen und Christen im Alter von 18 bis 35 Jahren, die sich aus unterschiedlichen L\u00e4ndern und mit\" \/>\n<meta name=\"robots\" content=\"index, follow, max-snippet:-1, max-image-preview:large, max-video-preview:-1\" \/>\n<link rel=\"canonical\" href=\"https:\/\/fraternite-politique.chemin-neuf.org\/de\/wer-sind-wir\/die-politics-fraternity\/\" \/>\n<meta property=\"og:locale\" content=\"de_DE\" \/>\n<meta property=\"og:type\" content=\"article\" \/>\n<meta property=\"og:title\" content=\"Die Politics Fraternity - Politics Fraternity Chemin Neuf Community\" \/>\n<meta property=\"og:description\" content=\"Die Politics Fraternity verbindet junge Christinnen und Christen im Alter von 18 bis 35 Jahren, die sich aus unterschiedlichen L\u00e4ndern und mit\" \/>\n<meta property=\"og:url\" content=\"https:\/\/fraternite-politique.chemin-neuf.org\/de\/wer-sind-wir\/die-politics-fraternity\/\" \/>\n<meta property=\"og:site_name\" content=\"Politics Fraternity Chemin Neuf Community\" \/>\n<meta property=\"article:publisher\" content=\"https:\/\/www.facebook.com\/fratpolitiqueccn\" \/>\n<meta property=\"article:modified_time\" content=\"2022-04-06T08:12:53+00:00\" \/>\n<meta property=\"og:image\" content=\"https:\/\/fraternite-politique.chemin-neuf.org\/wp-content\/uploads\/2022\/02\/5cooysxilsw-e1645710001300.jpg\" \/>\n\t<meta property=\"og:image:width\" content=\"1600\" \/>\n\t<meta property=\"og:image:height\" content=\"1067\" \/>\n\t<meta property=\"og:image:type\" content=\"image\/jpeg\" \/>\n<meta name=\"twitter:card\" content=\"summary_large_image\" \/>\n<meta name=\"twitter:label1\" content=\"Gesch\u00e4tzte Lesezeit\" \/>\n\t<meta name=\"twitter:data1\" content=\"2\u00a0Minuten\" \/>\n<script type=\"application\/ld+json\" class=\"yoast-schema-graph\">{\"@context\":\"https:\\\/\\\/schema.org\",\"@graph\":[{\"@type\":\"WebPage\",\"@id\":\"https:\\\/\\\/fraternite-politique.chemin-neuf.org\\\/de\\\/wer-sind-wir\\\/die-politics-fraternity\\\/\",\"url\":\"https:\\\/\\\/fraternite-politique.chemin-neuf.org\\\/de\\\/wer-sind-wir\\\/die-politics-fraternity\\\/\",\"name\":\"Die Politics Fraternity - Politics Fraternity Chemin Neuf Community\",\"isPartOf\":{\"@id\":\"https:\\\/\\\/fraternite-politique.chemin-neuf.org\\\/de\\\/#website\"},\"primaryImageOfPage\":{\"@id\":\"https:\\\/\\\/fraternite-politique.chemin-neuf.org\\\/de\\\/wer-sind-wir\\\/die-politics-fraternity\\\/#primaryimage\"},\"image\":{\"@id\":\"https:\\\/\\\/fraternite-politique.chemin-neuf.org\\\/de\\\/wer-sind-wir\\\/die-politics-fraternity\\\/#primaryimage\"},\"thumbnailUrl\":\"https:\\\/\\\/fraternite-politique.chemin-neuf.org\\\/wp-content\\\/uploads\\\/2022\\\/02\\\/5cooysxilsw-e1645710001300.jpg\",\"datePublished\":\"2021-02-06T13:37:45+00:00\",\"dateModified\":\"2022-04-06T08:12:53+00:00\",\"description\":\"Die Politics Fraternity verbindet junge Christinnen und Christen im Alter von 18 bis 35 Jahren, die sich aus unterschiedlichen L\u00e4ndern und mit\",\"breadcrumb\":{\"@id\":\"https:\\\/\\\/fraternite-politique.chemin-neuf.org\\\/de\\\/wer-sind-wir\\\/die-politics-fraternity\\\/#breadcrumb\"},\"inLanguage\":\"de\",\"potentialAction\":[{\"@type\":\"ReadAction\",\"target\":[\"https:\\\/\\\/fraternite-politique.chemin-neuf.org\\\/de\\\/wer-sind-wir\\\/die-politics-fraternity\\\/\"]}]},{\"@type\":\"ImageObject\",\"inLanguage\":\"de\",\"@id\":\"https:\\\/\\\/fraternite-politique.chemin-neuf.org\\\/de\\\/wer-sind-wir\\\/die-politics-fraternity\\\/#primaryimage\",\"url\":\"https:\\\/\\\/fraternite-politique.chemin-neuf.org\\\/wp-content\\\/uploads\\\/2022\\\/02\\\/5cooysxilsw-e1645710001300.jpg\",\"contentUrl\":\"https:\\\/\\\/fraternite-politique.chemin-neuf.org\\\/wp-content\\\/uploads\\\/2022\\\/02\\\/5cooysxilsw-e1645710001300.jpg\",\"width\":1600,\"height\":1067},{\"@type\":\"BreadcrumbList\",\"@id\":\"https:\\\/\\\/fraternite-politique.chemin-neuf.org\\\/de\\\/wer-sind-wir\\\/die-politics-fraternity\\\/#breadcrumb\",\"itemListElement\":[{\"@type\":\"ListItem\",\"position\":1,\"name\":\"Home\",\"item\":\"https:\\\/\\\/fraternite-politique.chemin-neuf.org\\\/de\\\/\"},{\"@type\":\"ListItem\",\"position\":2,\"name\":\"WER SIND WIR?\",\"item\":\"https:\\\/\\\/fraternite-politique.chemin-neuf.org\\\/de\\\/wer-sind-wir\\\/\"},{\"@type\":\"ListItem\",\"position\":3,\"name\":\"Die Politics Fraternity\"}]},{\"@type\":\"WebSite\",\"@id\":\"https:\\\/\\\/fraternite-politique.chemin-neuf.org\\\/de\\\/#website\",\"url\":\"https:\\\/\\\/fraternite-politique.chemin-neuf.org\\\/de\\\/\",\"name\":\"Politics Fraternity Chemin Neuf Community\",\"description\":\"Politics Fraternity of Chemin Neuf Community\",\"publisher\":{\"@id\":\"https:\\\/\\\/fraternite-politique.chemin-neuf.org\\\/de\\\/#organization\"},\"potentialAction\":[{\"@type\":\"SearchAction\",\"target\":{\"@type\":\"EntryPoint\",\"urlTemplate\":\"https:\\\/\\\/fraternite-politique.chemin-neuf.org\\\/de\\\/?s={search_term_string}\"},\"query-input\":{\"@type\":\"PropertyValueSpecification\",\"valueRequired\":true,\"valueName\":\"search_term_string\"}}],\"inLanguage\":\"de\"},{\"@type\":\"Organization\",\"@id\":\"https:\\\/\\\/fraternite-politique.chemin-neuf.org\\\/de\\\/#organization\",\"name\":\"Fraternit\u00e9 Politique Communaut\u00e9 du Chemin Neuf\",\"url\":\"https:\\\/\\\/fraternite-politique.chemin-neuf.org\\\/de\\\/\",\"logo\":{\"@type\":\"ImageObject\",\"inLanguage\":\"de\",\"@id\":\"https:\\\/\\\/fraternite-politique.chemin-neuf.org\\\/de\\\/#\\\/schema\\\/logo\\\/image\\\/\",\"url\":\"https:\\\/\\\/fraternite-politique.chemin-neuf.org\\\/wp-content\\\/uploads\\\/2021\\\/02\\\/cropped-ccn-png-onglet-site-v3-large.png\",\"contentUrl\":\"https:\\\/\\\/fraternite-politique.chemin-neuf.org\\\/wp-content\\\/uploads\\\/2021\\\/02\\\/cropped-ccn-png-onglet-site-v3-large.png\",\"width\":512,\"height\":512,\"caption\":\"Fraternit\u00e9 Politique Communaut\u00e9 du Chemin Neuf\"},\"image\":{\"@id\":\"https:\\\/\\\/fraternite-politique.chemin-neuf.org\\\/de\\\/#\\\/schema\\\/logo\\\/image\\\/\"},\"sameAs\":[\"https:\\\/\\\/www.facebook.com\\\/fratpolitiqueccn\",\"https:\\\/\\\/instagram.com\\\/fratpo\",\"https:\\\/\\\/www.youtube.com\\\/channel\\\/UC6YodqkqOIniLyqOfjMLojw\"]}]}<\/script>\n<!-- \/ Yoast SEO plugin. -->","yoast_head_json":{"title":"Die Politics Fraternity - Politics Fraternity Chemin Neuf Community","description":"Die Politics Fraternity verbindet junge Christinnen und Christen im Alter von 18 bis 35 Jahren, die sich aus unterschiedlichen L\u00e4ndern und mit","robots":{"index":"index","follow":"follow","max-snippet":"max-snippet:-1","max-image-preview":"max-image-preview:large","max-video-preview":"max-video-preview:-1"},"canonical":"https:\/\/fraternite-politique.chemin-neuf.org\/de\/wer-sind-wir\/die-politics-fraternity\/","og_locale":"de_DE","og_type":"article","og_title":"Die Politics Fraternity - Politics Fraternity Chemin Neuf Community","og_description":"Die Politics Fraternity verbindet junge Christinnen und Christen im Alter von 18 bis 35 Jahren, die sich aus unterschiedlichen L\u00e4ndern und mit","og_url":"https:\/\/fraternite-politique.chemin-neuf.org\/de\/wer-sind-wir\/die-politics-fraternity\/","og_site_name":"Politics Fraternity Chemin Neuf Community","article_publisher":"https:\/\/www.facebook.com\/fratpolitiqueccn","article_modified_time":"2022-04-06T08:12:53+00:00","og_image":[{"width":1600,"height":1067,"url":"https:\/\/fraternite-politique.chemin-neuf.org\/wp-content\/uploads\/2022\/02\/5cooysxilsw-e1645710001300.jpg","type":"image\/jpeg"}],"twitter_card":"summary_large_image","twitter_misc":{"Gesch\u00e4tzte Lesezeit":"2\u00a0Minuten"},"schema":{"@context":"https:\/\/schema.org","@graph":[{"@type":"WebPage","@id":"https:\/\/fraternite-politique.chemin-neuf.org\/de\/wer-sind-wir\/die-politics-fraternity\/","url":"https:\/\/fraternite-politique.chemin-neuf.org\/de\/wer-sind-wir\/die-politics-fraternity\/","name":"Die Politics Fraternity - Politics Fraternity Chemin Neuf Community","isPartOf":{"@id":"https:\/\/fraternite-politique.chemin-neuf.org\/de\/#website"},"primaryImageOfPage":{"@id":"https:\/\/fraternite-politique.chemin-neuf.org\/de\/wer-sind-wir\/die-politics-fraternity\/#primaryimage"},"image":{"@id":"https:\/\/fraternite-politique.chemin-neuf.org\/de\/wer-sind-wir\/die-politics-fraternity\/#primaryimage"},"thumbnailUrl":"https:\/\/fraternite-politique.chemin-neuf.org\/wp-content\/uploads\/2022\/02\/5cooysxilsw-e1645710001300.jpg","datePublished":"2021-02-06T13:37:45+00:00","dateModified":"2022-04-06T08:12:53+00:00","description":"Die Politics Fraternity verbindet junge Christinnen und Christen im Alter von 18 bis 35 Jahren, die sich aus unterschiedlichen L\u00e4ndern und mit","breadcrumb":{"@id":"https:\/\/fraternite-politique.chemin-neuf.org\/de\/wer-sind-wir\/die-politics-fraternity\/#breadcrumb"},"inLanguage":"de","potentialAction":[{"@type":"ReadAction","target":["https:\/\/fraternite-politique.chemin-neuf.org\/de\/wer-sind-wir\/die-politics-fraternity\/"]}]},{"@type":"ImageObject","inLanguage":"de","@id":"https:\/\/fraternite-politique.chemin-neuf.org\/de\/wer-sind-wir\/die-politics-fraternity\/#primaryimage","url":"https:\/\/fraternite-politique.chemin-neuf.org\/wp-content\/uploads\/2022\/02\/5cooysxilsw-e1645710001300.jpg","contentUrl":"https:\/\/fraternite-politique.chemin-neuf.org\/wp-content\/uploads\/2022\/02\/5cooysxilsw-e1645710001300.jpg","width":1600,"height":1067},{"@type":"BreadcrumbList","@id":"https:\/\/fraternite-politique.chemin-neuf.org\/de\/wer-sind-wir\/die-politics-fraternity\/#breadcrumb","itemListElement":[{"@type":"ListItem","position":1,"name":"Home","item":"https:\/\/fraternite-politique.chemin-neuf.org\/de\/"},{"@type":"ListItem","position":2,"name":"WER SIND WIR?","item":"https:\/\/fraternite-politique.chemin-neuf.org\/de\/wer-sind-wir\/"},{"@type":"ListItem","position":3,"name":"Die Politics Fraternity"}]},{"@type":"WebSite","@id":"https:\/\/fraternite-politique.chemin-neuf.org\/de\/#website","url":"https:\/\/fraternite-politique.chemin-neuf.org\/de\/","name":"Politics Fraternity Chemin Neuf Community","description":"Politics Fraternity of Chemin Neuf Community","publisher":{"@id":"https:\/\/fraternite-politique.chemin-neuf.org\/de\/#organization"},"potentialAction":[{"@type":"SearchAction","target":{"@type":"EntryPoint","urlTemplate":"https:\/\/fraternite-politique.chemin-neuf.org\/de\/?s={search_term_string}"},"query-input":{"@type":"PropertyValueSpecification","valueRequired":true,"valueName":"search_term_string"}}],"inLanguage":"de"},{"@type":"Organization","@id":"https:\/\/fraternite-politique.chemin-neuf.org\/de\/#organization","name":"Fraternit\u00e9 Politique Communaut\u00e9 du Chemin Neuf","url":"https:\/\/fraternite-politique.chemin-neuf.org\/de\/","logo":{"@type":"ImageObject","inLanguage":"de","@id":"https:\/\/fraternite-politique.chemin-neuf.org\/de\/#\/schema\/logo\/image\/","url":"https:\/\/fraternite-politique.chemin-neuf.org\/wp-content\/uploads\/2021\/02\/cropped-ccn-png-onglet-site-v3-large.png","contentUrl":"https:\/\/fraternite-politique.chemin-neuf.org\/wp-content\/uploads\/2021\/02\/cropped-ccn-png-onglet-site-v3-large.png","width":512,"height":512,"caption":"Fraternit\u00e9 Politique Communaut\u00e9 du Chemin Neuf"},"image":{"@id":"https:\/\/fraternite-politique.chemin-neuf.org\/de\/#\/schema\/logo\/image\/"},"sameAs":["https:\/\/www.facebook.com\/fratpolitiqueccn","https:\/\/instagram.com\/fratpo","https:\/\/www.youtube.com\/channel\/UC6YodqkqOIniLyqOfjMLojw"]}]}},"_links":{"self":[{"href":"https:\/\/fraternite-politique.chemin-neuf.org\/de\/wp-json\/wp\/v2\/pages\/6403","targetHints":{"allow":["GET"]}}],"collection":[{"href":"https:\/\/fraternite-politique.chemin-neuf.org\/de\/wp-json\/wp\/v2\/pages"}],"about":[{"href":"https:\/\/fraternite-politique.chemin-neuf.org\/de\/wp-json\/wp\/v2\/types\/page"}],"author":[{"embeddable":true,"href":"https:\/\/fraternite-politique.chemin-neuf.org\/de\/wp-json\/wp\/v2\/users\/6"}],"replies":[{"embeddable":true,"href":"https:\/\/fraternite-politique.chemin-neuf.org\/de\/wp-json\/wp\/v2\/comments?post=6403"}],"version-history":[{"count":2,"href":"https:\/\/fraternite-politique.chemin-neuf.org\/de\/wp-json\/wp\/v2\/pages\/6403\/revisions"}],"predecessor-version":[{"id":6407,"href":"https:\/\/fraternite-politique.chemin-neuf.org\/de\/wp-json\/wp\/v2\/pages\/6403\/revisions\/6407"}],"up":[{"embeddable":true,"href":"https:\/\/fraternite-politique.chemin-neuf.org\/de\/wp-json\/wp\/v2\/pages\/6371"}],"wp:featuredmedia":[{"embeddable":true,"href":"https:\/\/fraternite-politique.chemin-neuf.org\/de\/wp-json\/wp\/v2\/media\/5068"}],"wp:attachment":[{"href":"https:\/\/fraternite-politique.chemin-neuf.org\/de\/wp-json\/wp\/v2\/media?parent=6403"}],"curies":[{"name":"wp","href":"https:\/\/api.w.org\/{rel}","templated":true}]}}