{"id":6364,"date":"2021-01-13T09:28:20","date_gmt":"2021-01-13T08:28:20","guid":{"rendered":"https:\/\/fraternite-politique.chemin-neuf.org\/?page_id=6364"},"modified":"2022-04-06T09:29:19","modified_gmt":"2022-04-06T07:29:19","slug":"rechtliche-hinweise","status":"publish","type":"page","link":"https:\/\/fraternite-politique.chemin-neuf.org\/de\/rechtliche-hinweise\/","title":{"rendered":"Rechtliche Hinweise"},"content":{"rendered":"\n<h4 class=\"wp-block-heading\"><strong>Herausgeber:<\/strong><\/h4>\n\n\n\n<p>Communaut\u00e9 du Chemin Neuf<br>59 mont\u00e9e du Chemin Neuf, 69005 Lyon \u2013 FRANKREICH<\/p>\n\n\n\n<h4 class=\"wp-block-heading\"><strong>Leiter der Redaktion<\/strong>:<\/h4>\n\n\n\n<p>Prisca Horesnyi<\/p>\n\n\n\n<h4 class=\"wp-block-heading\"><strong>Webmaster<\/strong>:<\/h4>\n\n\n\n<p>Fr\u00e9d\u00e9ric Bourdeau<\/p>\n\n\n\n<h4 class=\"wp-block-heading\"><strong>Entwicklung der Website<\/strong>:<\/h4>\n\n\n\n<p>Chemin Neuf Community<\/p>\n\n\n\n<h4 class=\"wp-block-heading\"><strong>Host<\/strong>:<\/h4>\n\n\n\n<p>O2Switch<\/p>\n\n\n\n<h4 class=\"wp-block-heading\"><strong>Kredit f\u00fcr Fotos und Videos<\/strong>:<\/h4>\n\n\n\n<p>Fotos und Videos: \u00a9 Gemeinschaft Chemin Neuf, Bilder von&nbsp;<a href=\"https:\/\/pixabay.com\/\" target=\"_blank\" rel=\"noreferrer noopener\">Pixabay<\/a> und <a href=\"https:\/\/unsplash.com\/\" target=\"_blank\" rel=\"noreferrer noopener\">Unsplash<\/a><\/p>\n\n\n\n<h4 class=\"wp-block-heading\">AGBs<\/h4>\n\n\n\n<p>Die Urheberrechte dieser Website sind der Gemeinschaft Chemin Neuf vorbehalten. Alle Inhalte sind somit von internationalem Urheberrecht und Normen bez\u00fcglich geistigen Eigentums gesch\u00fczt. Es ist strikt verboten, Inhalte ohne vorige Absprache mit den Eigent\u00fcmern zu reproduzieren oder zu ver\u00e4ndern, sei es in G\u00e4nze oder zu Teilen, inhaltlich oder formal.<\/p>\n","protected":false},"excerpt":{"rendered":"<p>Herausgeber: Communaut\u00e9 du Chemin Neuf59 mont\u00e9e du Chemin Neuf, 69005 Lyon \u2013 FRANKREICH Leiter der Redaktion: Prisca Horesnyi Webmaster: Fr\u00e9d\u00e9ric Bourdeau Entwicklung der Website: Chemin Neuf Community Host: O2Switch Kredit f\u00fcr Fotos und Videos: Fotos und Videos: \u00a9 Gemeinschaft Chemin Neuf, Bilder von&nbsp;Pixabay und Unsplash AGBs Die Urheberrechte dieser Website sind der Gemeinschaft Chemin Neuf [&hellip;]<\/p>\n","protected":false},"author":6,"featured_media":0,"parent":0,"menu_order":0,"comment_status":"closed","ping_status":"closed","template":"","meta":{"_acf_changed":false,"footnotes":""},"class_list":["post-6364","page","type-page","status-publish","hentry"],"acf":[],"yoast_head":"<!-- This site is optimized with the Yoast SEO plugin v27.5 - https:\/\/yoast.com\/product\/yoast-seo-wordpress\/ -->\n<title>Rechtliche Hinweise - Politics Fraternity Chemin Neuf Community<\/title>\n<meta name=\"description\" content=\"Herausgeber: Communaut\u00e9 du Chemin Neuf59 mont\u00e9e du Chemin Neuf, 69005 Lyon \u2013 FRANKREICH Leiter der Redaktion: Prisca Horesnyi Webmaster: Fr\u00e9d\u00e9ric Bourdeau\" \/>\n<meta name=\"robots\" content=\"index, follow, max-snippet:-1, max-image-preview:large, max-video-preview:-1\" \/>\n<link rel=\"canonical\" href=\"https:\/\/fraternite-politique.chemin-neuf.org\/de\/rechtliche-hinweise\/\" \/>\n<meta property=\"og:locale\" content=\"de_DE\" \/>\n<meta property=\"og:type\" content=\"article\" \/>\n<meta property=\"og:title\" content=\"Rechtliche Hinweise - Politics Fraternity Chemin Neuf Community\" \/>\n<meta property=\"og:description\" content=\"Herausgeber: Communaut\u00e9 du Chemin Neuf59 mont\u00e9e du Chemin Neuf, 69005 Lyon \u2013 FRANKREICH Leiter der Redaktion: Prisca Horesnyi Webmaster: Fr\u00e9d\u00e9ric Bourdeau\" \/>\n<meta property=\"og:url\" content=\"https:\/\/fraternite-politique.chemin-neuf.org\/de\/rechtliche-hinweise\/\" \/>\n<meta property=\"og:site_name\" content=\"Politics Fraternity Chemin Neuf Community\" \/>\n<meta property=\"article:publisher\" content=\"https:\/\/www.facebook.com\/fratpolitiqueccn\" \/>\n<meta property=\"article:modified_time\" content=\"2022-04-06T07:29:19+00:00\" \/>\n<meta name=\"twitter:card\" content=\"summary_large_image\" \/>\n<meta name=\"twitter:label1\" content=\"Gesch\u00e4tzte Lesezeit\" \/>\n\t<meta name=\"twitter:data1\" content=\"1\u00a0Minute\" \/>\n<script type=\"application\/ld+json\" class=\"yoast-schema-graph\">{\"@context\":\"https:\\\/\\\/schema.org\",\"@graph\":[{\"@type\":\"WebPage\",\"@id\":\"https:\\\/\\\/fraternite-politique.chemin-neuf.org\\\/de\\\/rechtliche-hinweise\\\/\",\"url\":\"https:\\\/\\\/fraternite-politique.chemin-neuf.org\\\/de\\\/rechtliche-hinweise\\\/\",\"name\":\"Rechtliche Hinweise - Politics Fraternity Chemin Neuf Community\",\"isPartOf\":{\"@id\":\"https:\\\/\\\/fraternite-politique.chemin-neuf.org\\\/de\\\/#website\"},\"datePublished\":\"2021-01-13T08:28:20+00:00\",\"dateModified\":\"2022-04-06T07:29:19+00:00\",\"description\":\"Herausgeber: Communaut\u00e9 du Chemin Neuf59 mont\u00e9e du Chemin Neuf, 69005 Lyon \u2013 FRANKREICH Leiter der Redaktion: Prisca Horesnyi Webmaster: Fr\u00e9d\u00e9ric Bourdeau\",\"breadcrumb\":{\"@id\":\"https:\\\/\\\/fraternite-politique.chemin-neuf.org\\\/de\\\/rechtliche-hinweise\\\/#breadcrumb\"},\"inLanguage\":\"de\",\"potentialAction\":[{\"@type\":\"ReadAction\",\"target\":[\"https:\\\/\\\/fraternite-politique.chemin-neuf.org\\\/de\\\/rechtliche-hinweise\\\/\"]}]},{\"@type\":\"BreadcrumbList\",\"@id\":\"https:\\\/\\\/fraternite-politique.chemin-neuf.org\\\/de\\\/rechtliche-hinweise\\\/#breadcrumb\",\"itemListElement\":[{\"@type\":\"ListItem\",\"position\":1,\"name\":\"Home\",\"item\":\"https:\\\/\\\/fraternite-politique.chemin-neuf.org\\\/de\\\/\"},{\"@type\":\"ListItem\",\"position\":2,\"name\":\"Rechtliche Hinweise\"}]},{\"@type\":\"WebSite\",\"@id\":\"https:\\\/\\\/fraternite-politique.chemin-neuf.org\\\/de\\\/#website\",\"url\":\"https:\\\/\\\/fraternite-politique.chemin-neuf.org\\\/de\\\/\",\"name\":\"Politics Fraternity Chemin Neuf Community\",\"description\":\"Politics Fraternity of Chemin Neuf Community\",\"publisher\":{\"@id\":\"https:\\\/\\\/fraternite-politique.chemin-neuf.org\\\/de\\\/#organization\"},\"potentialAction\":[{\"@type\":\"SearchAction\",\"target\":{\"@type\":\"EntryPoint\",\"urlTemplate\":\"https:\\\/\\\/fraternite-politique.chemin-neuf.org\\\/de\\\/?s={search_term_string}\"},\"query-input\":{\"@type\":\"PropertyValueSpecification\",\"valueRequired\":true,\"valueName\":\"search_term_string\"}}],\"inLanguage\":\"de\"},{\"@type\":\"Organization\",\"@id\":\"https:\\\/\\\/fraternite-politique.chemin-neuf.org\\\/de\\\/#organization\",\"name\":\"Fraternit\u00e9 Politique Communaut\u00e9 du Chemin Neuf\",\"url\":\"https:\\\/\\\/fraternite-politique.chemin-neuf.org\\\/de\\\/\",\"logo\":{\"@type\":\"ImageObject\",\"inLanguage\":\"de\",\"@id\":\"https:\\\/\\\/fraternite-politique.chemin-neuf.org\\\/de\\\/#\\\/schema\\\/logo\\\/image\\\/\",\"url\":\"https:\\\/\\\/fraternite-politique.chemin-neuf.org\\\/wp-content\\\/uploads\\\/2021\\\/02\\\/cropped-ccn-png-onglet-site-v3-large.png\",\"contentUrl\":\"https:\\\/\\\/fraternite-politique.chemin-neuf.org\\\/wp-content\\\/uploads\\\/2021\\\/02\\\/cropped-ccn-png-onglet-site-v3-large.png\",\"width\":512,\"height\":512,\"caption\":\"Fraternit\u00e9 Politique Communaut\u00e9 du Chemin Neuf\"},\"image\":{\"@id\":\"https:\\\/\\\/fraternite-politique.chemin-neuf.org\\\/de\\\/#\\\/schema\\\/logo\\\/image\\\/\"},\"sameAs\":[\"https:\\\/\\\/www.facebook.com\\\/fratpolitiqueccn\",\"https:\\\/\\\/instagram.com\\\/fratpo\",\"https:\\\/\\\/www.youtube.com\\\/channel\\\/UC6YodqkqOIniLyqOfjMLojw\"]}]}<\/script>\n<!-- \/ Yoast SEO plugin. -->","yoast_head_json":{"title":"Rechtliche Hinweise - Politics Fraternity Chemin Neuf Community","description":"Herausgeber: Communaut\u00e9 du Chemin Neuf59 mont\u00e9e du Chemin Neuf, 69005 Lyon \u2013 FRANKREICH Leiter der Redaktion: Prisca Horesnyi Webmaster: Fr\u00e9d\u00e9ric Bourdeau","robots":{"index":"index","follow":"follow","max-snippet":"max-snippet:-1","max-image-preview":"max-image-preview:large","max-video-preview":"max-video-preview:-1"},"canonical":"https:\/\/fraternite-politique.chemin-neuf.org\/de\/rechtliche-hinweise\/","og_locale":"de_DE","og_type":"article","og_title":"Rechtliche Hinweise - Politics Fraternity Chemin Neuf Community","og_description":"Herausgeber: Communaut\u00e9 du Chemin Neuf59 mont\u00e9e du Chemin Neuf, 69005 Lyon \u2013 FRANKREICH Leiter der Redaktion: Prisca Horesnyi Webmaster: Fr\u00e9d\u00e9ric Bourdeau","og_url":"https:\/\/fraternite-politique.chemin-neuf.org\/de\/rechtliche-hinweise\/","og_site_name":"Politics Fraternity Chemin Neuf Community","article_publisher":"https:\/\/www.facebook.com\/fratpolitiqueccn","article_modified_time":"2022-04-06T07:29:19+00:00","twitter_card":"summary_large_image","twitter_misc":{"Gesch\u00e4tzte Lesezeit":"1\u00a0Minute"},"schema":{"@context":"https:\/\/schema.org","@graph":[{"@type":"WebPage","@id":"https:\/\/fraternite-politique.chemin-neuf.org\/de\/rechtliche-hinweise\/","url":"https:\/\/fraternite-politique.chemin-neuf.org\/de\/rechtliche-hinweise\/","name":"Rechtliche Hinweise - Politics Fraternity Chemin Neuf Community","isPartOf":{"@id":"https:\/\/fraternite-politique.chemin-neuf.org\/de\/#website"},"datePublished":"2021-01-13T08:28:20+00:00","dateModified":"2022-04-06T07:29:19+00:00","description":"Herausgeber: Communaut\u00e9 du Chemin Neuf59 mont\u00e9e du Chemin Neuf, 69005 Lyon \u2013 FRANKREICH Leiter der Redaktion: Prisca Horesnyi Webmaster: Fr\u00e9d\u00e9ric Bourdeau","breadcrumb":{"@id":"https:\/\/fraternite-politique.chemin-neuf.org\/de\/rechtliche-hinweise\/#breadcrumb"},"inLanguage":"de","potentialAction":[{"@type":"ReadAction","target":["https:\/\/fraternite-politique.chemin-neuf.org\/de\/rechtliche-hinweise\/"]}]},{"@type":"BreadcrumbList","@id":"https:\/\/fraternite-politique.chemin-neuf.org\/de\/rechtliche-hinweise\/#breadcrumb","itemListElement":[{"@type":"ListItem","position":1,"name":"Home","item":"https:\/\/fraternite-politique.chemin-neuf.org\/de\/"},{"@type":"ListItem","position":2,"name":"Rechtliche Hinweise"}]},{"@type":"WebSite","@id":"https:\/\/fraternite-politique.chemin-neuf.org\/de\/#website","url":"https:\/\/fraternite-politique.chemin-neuf.org\/de\/","name":"Politics Fraternity Chemin Neuf Community","description":"Politics Fraternity of Chemin Neuf Community","publisher":{"@id":"https:\/\/fraternite-politique.chemin-neuf.org\/de\/#organization"},"potentialAction":[{"@type":"SearchAction","target":{"@type":"EntryPoint","urlTemplate":"https:\/\/fraternite-politique.chemin-neuf.org\/de\/?s={search_term_string}"},"query-input":{"@type":"PropertyValueSpecification","valueRequired":true,"valueName":"search_term_string"}}],"inLanguage":"de"},{"@type":"Organization","@id":"https:\/\/fraternite-politique.chemin-neuf.org\/de\/#organization","name":"Fraternit\u00e9 Politique Communaut\u00e9 du Chemin Neuf","url":"https:\/\/fraternite-politique.chemin-neuf.org\/de\/","logo":{"@type":"ImageObject","inLanguage":"de","@id":"https:\/\/fraternite-politique.chemin-neuf.org\/de\/#\/schema\/logo\/image\/","url":"https:\/\/fraternite-politique.chemin-neuf.org\/wp-content\/uploads\/2021\/02\/cropped-ccn-png-onglet-site-v3-large.png","contentUrl":"https:\/\/fraternite-politique.chemin-neuf.org\/wp-content\/uploads\/2021\/02\/cropped-ccn-png-onglet-site-v3-large.png","width":512,"height":512,"caption":"Fraternit\u00e9 Politique Communaut\u00e9 du Chemin Neuf"},"image":{"@id":"https:\/\/fraternite-politique.chemin-neuf.org\/de\/#\/schema\/logo\/image\/"},"sameAs":["https:\/\/www.facebook.com\/fratpolitiqueccn","https:\/\/instagram.com\/fratpo","https:\/\/www.youtube.com\/channel\/UC6YodqkqOIniLyqOfjMLojw"]}]}},"_links":{"self":[{"href":"https:\/\/fraternite-politique.chemin-neuf.org\/de\/wp-json\/wp\/v2\/pages\/6364","targetHints":{"allow":["GET"]}}],"collection":[{"href":"https:\/\/fraternite-politique.chemin-neuf.org\/de\/wp-json\/wp\/v2\/pages"}],"about":[{"href":"https:\/\/fraternite-politique.chemin-neuf.org\/de\/wp-json\/wp\/v2\/types\/page"}],"author":[{"embeddable":true,"href":"https:\/\/fraternite-politique.chemin-neuf.org\/de\/wp-json\/wp\/v2\/users\/6"}],"replies":[{"embeddable":true,"href":"https:\/\/fraternite-politique.chemin-neuf.org\/de\/wp-json\/wp\/v2\/comments?post=6364"}],"version-history":[{"count":2,"href":"https:\/\/fraternite-politique.chemin-neuf.org\/de\/wp-json\/wp\/v2\/pages\/6364\/revisions"}],"predecessor-version":[{"id":6367,"href":"https:\/\/fraternite-politique.chemin-neuf.org\/de\/wp-json\/wp\/v2\/pages\/6364\/revisions\/6367"}],"wp:attachment":[{"href":"https:\/\/fraternite-politique.chemin-neuf.org\/de\/wp-json\/wp\/v2\/media?parent=6364"}],"curies":[{"name":"wp","href":"https:\/\/api.w.org\/{rel}","templated":true}]}}