{"id":6136,"date":"2021-02-06T14:45:59","date_gmt":"2021-02-06T13:45:59","guid":{"rendered":"https:\/\/fraternite-politique.chemin-neuf.org\/?page_id=6136"},"modified":"2022-03-15T17:38:20","modified_gmt":"2022-03-15T16:38:20","slug":"manifesto","status":"publish","type":"page","link":"https:\/\/fraternite-politique.chemin-neuf.org\/de\/wer-sind-wir\/manifesto\/","title":{"rendered":"Manifesto der Politics Fraternity"},"content":{"rendered":"\n<p class=\"has-normal-font-size\">Da die Politik \u201eeine der wertvollsten Formen der N\u00e4chstenliebe\u201c ist,<br>Da die Ungerechtigkeit uns emp\u00f6rt und die Gleichg\u00fcltigkeit uns traurig macht,<br>Da wir dieselbe \u201epolitische Leidenschaft\u201c sp\u00fcren,<br><strong><mark style=\"background-color:rgba(0, 0, 0, 0)\" class=\"has-inline-color has-orange-color\">Geben wir durch unser Engagement in der Politik unser Leben f\u00fcr Gerechtigkeit und Frieden hin.<\/mark><\/strong><\/p>\n\n\n\n<p class=\"has-normal-font-size\">Da Ideen erst dann ihre Gr\u00f6\u00dfe zeigen, wenn sie konkret umgesetzt werden,<br>Da wir keine Angst haben, uns mit der Wirklichkeit zu konfrontieren und Fehler zu machen,<br><strong><mark style=\"background-color:rgba(0, 0, 0, 0)\" class=\"has-inline-color has-orange-color\">Stellen wir von heute an unsere Zeit, unsere Energie und unsere Talente <\/mark><\/strong><br><strong><mark style=\"background-color:rgba(0, 0, 0, 0)\" class=\"has-inline-color has-orange-color\">in den Dienst der anderen.<\/mark><\/strong><\/p>\n\n\n\n<p class=\"has-normal-font-size\">Da wir Politiker brauchen, \u201edenen die Gesellschaft, das Volk, <br>das Leben der Armen wirklich am Herzen liegt\u201c (<em>Evangelii Gaudium 205<\/em>),<br>Da die Familie das beste Bindeglied der Gesellschaft ist,<br><strong><mark style=\"background-color:rgba(0, 0, 0, 0)\" class=\"has-inline-color has-orange-color\">Stellen wir uns vorrangig in den Dienst der Armen und Familien.<\/mark><\/strong><\/p>\n\n\n\n<div class=\"wp-block-cover alignfull is-light has-parallax has-background-dim\" style=\"background-image:url(https:\/\/fraternite-politique.chemin-neuf.org\/wp-content\/uploads\/2021\/02\/57c54b91245640c3018d1340photo-1434296356255-2e4fbb81e1f1.jpg);min-height:249px;aspect-ratio:unset;\"><span aria-hidden=\"true\" class=\"has-background-dim-0 wp-block-cover__gradient-background has-background-dim\"><\/span><div class=\"wp-block-cover__inner-container is-layout-flow wp-block-cover-is-layout-flow\">\n<p class=\"has-text-align-center has-normal-font-size\">Da \u201edie Sorge f\u00fcr das gemeinsame Haus\u201c eine Frage von Leben und Tod ist,<br>Da weniger verbrauchen und ges\u00fcnder leben revolution\u00e4r geworden ist,<br>Da wir begrenzte Wesen sind und froh dar\u00fcber sind, es zu sein,<br><strong>Entscheiden wir uns, ohne l\u00e4nger zu warten, <\/strong><br><strong>f\u00fcr einen n\u00fcchternen und fr\u00f6hlichen Lebensstil.<\/strong><\/p>\n<\/div><\/div>\n\n\n\n<p class=\"has-normal-font-size\">Da die geistliche Leere einer Gesellschaft den Weg zum Schlimmsten er\u00f6ffnet,<br>Da es Zeit braucht, Mensch zu werden,<br>Da wir uns auf unser kulturelles Erbe st\u00fctzen wollen, um heute kreativ zu sein,<br><strong><mark style=\"background-color:rgba(0, 0, 0, 0)\" class=\"has-inline-color has-orange-color\">Bilden wir uns weiter und arbeiten an der Weiterbildung der anderen.<\/mark><\/strong><\/p>\n\n\n\n<p class=\"has-normal-font-size\">Da wir vor Versuchungen bez\u00fcglich Geld, Ansehen und Macht nicht bewahrt sind,<br>Da das B\u00f6se, gegen das wir k\u00e4mpfen, seine Wurzeln auch in uns hat,<br><strong><mark style=\"background-color:rgba(0, 0, 0, 0)\" class=\"has-inline-color has-orange-color\">Lassen wir uns in der Tiefe mit uns selbst vers\u00f6hnen.<\/mark><\/strong><\/p>\n\n\n\n<div class=\"wp-block-cover alignfull is-light has-parallax has-background-dim\" style=\"background-image:url(https:\/\/fraternite-politique.chemin-neuf.org\/wp-content\/uploads\/2021\/02\/57c54b92245640c3018d134a57aa038845bceb7f9c00009f.jpg);min-height:235px;aspect-ratio:unset;\"><span aria-hidden=\"true\" class=\"has-background-dim-0 wp-block-cover__gradient-background has-background-dim\"><\/span><div class=\"wp-block-cover__inner-container is-layout-flow wp-block-cover-is-layout-flow\">\n<p class=\"has-text-align-center has-normal-font-size\">Da Gewalt weitere Gewalt erzeugt,<br>Da wir eher Br\u00fccken statt Mauern bauen wollen,<br><strong>Lernen wir, unseren Feinden zu vergeben.<\/strong><\/p>\n<\/div><\/div>\n\n\n\n<p class=\"has-normal-font-size\">Da das Unmittelbare und das Virtuelle uns isolieren,<br>Da wir einen Ort brauchen, an dem wir ehrlich sein und vertrauen k\u00f6nnen,<br>Da man alleine schnell voran, aber zusammen weiter kommt,<br><strong><mark style=\"background-color:rgba(0, 0, 0, 0)\" class=\"has-inline-color has-orange-color\">Leben wir Geschwisterlichkeit.<\/mark><\/strong><\/p>\n\n\n\n<p class=\"has-normal-font-size\">Da unsere Kulturen, Meinungen, politischen Ausrichtungen nichts Absolutes sind,<br>Da es m\u00f6glich ist, unsere Diskrepanzen auf friedliche Art und Weise zu leben,<br>Da die Begegnung mit dem, der anders ist, uns intelligenter macht,<br><strong><mark style=\"background-color:rgba(0, 0, 0, 0)\" class=\"has-inline-color has-orange-color\">Machen wir unsere Unterschiedlichkeit zum Fundament unserer Geschwisterlichkeit.<\/mark><\/strong><\/p>\n\n\n\n<blockquote class=\"wp-block-quote has-text-align-center is-style-large is-layout-flow wp-block-quote-is-layout-flow\"><p>GEMEINSAM WOLLEN WIR DIE WELT ERNEUERN!<\/p><\/blockquote>\n\n\n\n<p class=\"has-text-align-right has-normal-font-size\"><em>Dieses Manifesto wurde von den Gr\u00fcndungsmitgliedern der Politics Fraternity verfasst <br>und am Sonntag, den 24. Juli 2016, in der Atlas Arena  in Lodz (Polen) <br>vor rund 8 000 Jugendlichen aus 79 L\u00e4ndern, <br>die an den Weltjugendtagen teilnahmen, ausgerufen.<\/em><\/p>\n","protected":false},"excerpt":{"rendered":"<p>Da die Politik \u201eeine der wertvollsten Formen der N\u00e4chstenliebe\u201c ist,Da die Ungerechtigkeit uns emp\u00f6rt und die Gleichg\u00fcltigkeit uns traurig macht,Da wir dieselbe \u201epolitische Leidenschaft\u201c sp\u00fcren,Geben wir durch unser Engagement in der Politik unser Leben f\u00fcr Gerechtigkeit und Frieden hin. Da Ideen erst dann ihre Gr\u00f6\u00dfe zeigen, wenn sie konkret umgesetzt werden,Da wir keine Angst haben, [&hellip;]<\/p>\n","protected":false},"author":6,"featured_media":5259,"parent":6371,"menu_order":0,"comment_status":"closed","ping_status":"closed","template":"","meta":{"_acf_changed":false,"footnotes":""},"class_list":["post-6136","page","type-page","status-publish","has-post-thumbnail","hentry"],"acf":[],"yoast_head":"<!-- This site is optimized with the Yoast SEO plugin v27.5 - https:\/\/yoast.com\/product\/yoast-seo-wordpress\/ -->\n<title>Manifesto der Politics Fraternity - Politics Fraternity Chemin Neuf Community<\/title>\n<meta name=\"description\" content=\"Da die Politik \u201eeine der wertvollsten Formen der N\u00e4chstenliebe\u201c ist,Da die Ungerechtigkeit uns emp\u00f6rt und die Gleichg\u00fcltigkeit uns traurig macht,Da wir\" \/>\n<meta name=\"robots\" content=\"index, follow, max-snippet:-1, max-image-preview:large, max-video-preview:-1\" \/>\n<link rel=\"canonical\" href=\"https:\/\/fraternite-politique.chemin-neuf.org\/de\/wer-sind-wir\/manifesto\/\" \/>\n<meta property=\"og:locale\" content=\"de_DE\" \/>\n<meta property=\"og:type\" content=\"article\" \/>\n<meta property=\"og:title\" content=\"Manifesto der Politics Fraternity - Politics Fraternity Chemin Neuf Community\" \/>\n<meta property=\"og:description\" content=\"Da die Politik \u201eeine der wertvollsten Formen der N\u00e4chstenliebe\u201c ist,Da die Ungerechtigkeit uns emp\u00f6rt und die Gleichg\u00fcltigkeit uns traurig macht,Da wir\" \/>\n<meta property=\"og:url\" content=\"https:\/\/fraternite-politique.chemin-neuf.org\/de\/wer-sind-wir\/manifesto\/\" \/>\n<meta property=\"og:site_name\" content=\"Politics Fraternity Chemin Neuf Community\" \/>\n<meta property=\"article:publisher\" content=\"https:\/\/www.facebook.com\/fratpolitiqueccn\" \/>\n<meta property=\"article:modified_time\" content=\"2022-03-15T16:38:20+00:00\" \/>\n<meta property=\"og:image\" content=\"https:\/\/fraternite-politique.chemin-neuf.org\/wp-content\/uploads\/2022\/02\/57c54b90245640c3018d1337open-book-1428428_1920.jpg\" \/>\n\t<meta property=\"og:image:width\" content=\"1800\" \/>\n\t<meta property=\"og:image:height\" content=\"1350\" \/>\n\t<meta property=\"og:image:type\" content=\"image\/jpeg\" \/>\n<meta name=\"twitter:card\" content=\"summary_large_image\" \/>\n<meta name=\"twitter:label1\" content=\"Gesch\u00e4tzte Lesezeit\" \/>\n\t<meta name=\"twitter:data1\" content=\"2\u00a0Minuten\" \/>\n<script type=\"application\/ld+json\" class=\"yoast-schema-graph\">{\"@context\":\"https:\\\/\\\/schema.org\",\"@graph\":[{\"@type\":\"WebPage\",\"@id\":\"https:\\\/\\\/fraternite-politique.chemin-neuf.org\\\/de\\\/wer-sind-wir\\\/manifesto\\\/\",\"url\":\"https:\\\/\\\/fraternite-politique.chemin-neuf.org\\\/de\\\/wer-sind-wir\\\/manifesto\\\/\",\"name\":\"Manifesto der Politics Fraternity - Politics Fraternity Chemin Neuf Community\",\"isPartOf\":{\"@id\":\"https:\\\/\\\/fraternite-politique.chemin-neuf.org\\\/de\\\/#website\"},\"primaryImageOfPage\":{\"@id\":\"https:\\\/\\\/fraternite-politique.chemin-neuf.org\\\/de\\\/wer-sind-wir\\\/manifesto\\\/#primaryimage\"},\"image\":{\"@id\":\"https:\\\/\\\/fraternite-politique.chemin-neuf.org\\\/de\\\/wer-sind-wir\\\/manifesto\\\/#primaryimage\"},\"thumbnailUrl\":\"https:\\\/\\\/fraternite-politique.chemin-neuf.org\\\/wp-content\\\/uploads\\\/2022\\\/02\\\/57c54b90245640c3018d1337open-book-1428428_1920.jpg\",\"datePublished\":\"2021-02-06T13:45:59+00:00\",\"dateModified\":\"2022-03-15T16:38:20+00:00\",\"description\":\"Da die Politik \u201eeine der wertvollsten Formen der N\u00e4chstenliebe\u201c ist,Da die Ungerechtigkeit uns emp\u00f6rt und die Gleichg\u00fcltigkeit uns traurig macht,Da wir\",\"breadcrumb\":{\"@id\":\"https:\\\/\\\/fraternite-politique.chemin-neuf.org\\\/de\\\/wer-sind-wir\\\/manifesto\\\/#breadcrumb\"},\"inLanguage\":\"de\",\"potentialAction\":[{\"@type\":\"ReadAction\",\"target\":[\"https:\\\/\\\/fraternite-politique.chemin-neuf.org\\\/de\\\/wer-sind-wir\\\/manifesto\\\/\"]}]},{\"@type\":\"ImageObject\",\"inLanguage\":\"de\",\"@id\":\"https:\\\/\\\/fraternite-politique.chemin-neuf.org\\\/de\\\/wer-sind-wir\\\/manifesto\\\/#primaryimage\",\"url\":\"https:\\\/\\\/fraternite-politique.chemin-neuf.org\\\/wp-content\\\/uploads\\\/2022\\\/02\\\/57c54b90245640c3018d1337open-book-1428428_1920.jpg\",\"contentUrl\":\"https:\\\/\\\/fraternite-politique.chemin-neuf.org\\\/wp-content\\\/uploads\\\/2022\\\/02\\\/57c54b90245640c3018d1337open-book-1428428_1920.jpg\",\"width\":1800,\"height\":1350},{\"@type\":\"BreadcrumbList\",\"@id\":\"https:\\\/\\\/fraternite-politique.chemin-neuf.org\\\/de\\\/wer-sind-wir\\\/manifesto\\\/#breadcrumb\",\"itemListElement\":[{\"@type\":\"ListItem\",\"position\":1,\"name\":\"Home\",\"item\":\"https:\\\/\\\/fraternite-politique.chemin-neuf.org\\\/de\\\/\"},{\"@type\":\"ListItem\",\"position\":2,\"name\":\"Manifesto der Politics Fraternity\"}]},{\"@type\":\"WebSite\",\"@id\":\"https:\\\/\\\/fraternite-politique.chemin-neuf.org\\\/de\\\/#website\",\"url\":\"https:\\\/\\\/fraternite-politique.chemin-neuf.org\\\/de\\\/\",\"name\":\"Politics Fraternity Chemin Neuf Community\",\"description\":\"Politics Fraternity of Chemin Neuf Community\",\"publisher\":{\"@id\":\"https:\\\/\\\/fraternite-politique.chemin-neuf.org\\\/de\\\/#organization\"},\"potentialAction\":[{\"@type\":\"SearchAction\",\"target\":{\"@type\":\"EntryPoint\",\"urlTemplate\":\"https:\\\/\\\/fraternite-politique.chemin-neuf.org\\\/de\\\/?s={search_term_string}\"},\"query-input\":{\"@type\":\"PropertyValueSpecification\",\"valueRequired\":true,\"valueName\":\"search_term_string\"}}],\"inLanguage\":\"de\"},{\"@type\":\"Organization\",\"@id\":\"https:\\\/\\\/fraternite-politique.chemin-neuf.org\\\/de\\\/#organization\",\"name\":\"Fraternit\u00e9 Politique Communaut\u00e9 du Chemin Neuf\",\"url\":\"https:\\\/\\\/fraternite-politique.chemin-neuf.org\\\/de\\\/\",\"logo\":{\"@type\":\"ImageObject\",\"inLanguage\":\"de\",\"@id\":\"https:\\\/\\\/fraternite-politique.chemin-neuf.org\\\/de\\\/#\\\/schema\\\/logo\\\/image\\\/\",\"url\":\"https:\\\/\\\/fraternite-politique.chemin-neuf.org\\\/wp-content\\\/uploads\\\/2021\\\/02\\\/cropped-ccn-png-onglet-site-v3-large.png\",\"contentUrl\":\"https:\\\/\\\/fraternite-politique.chemin-neuf.org\\\/wp-content\\\/uploads\\\/2021\\\/02\\\/cropped-ccn-png-onglet-site-v3-large.png\",\"width\":512,\"height\":512,\"caption\":\"Fraternit\u00e9 Politique Communaut\u00e9 du Chemin Neuf\"},\"image\":{\"@id\":\"https:\\\/\\\/fraternite-politique.chemin-neuf.org\\\/de\\\/#\\\/schema\\\/logo\\\/image\\\/\"},\"sameAs\":[\"https:\\\/\\\/www.facebook.com\\\/fratpolitiqueccn\",\"https:\\\/\\\/instagram.com\\\/fratpo\",\"https:\\\/\\\/www.youtube.com\\\/channel\\\/UC6YodqkqOIniLyqOfjMLojw\"]}]}<\/script>\n<!-- \/ Yoast SEO plugin. -->","yoast_head_json":{"title":"Manifesto der Politics Fraternity - Politics Fraternity Chemin Neuf Community","description":"Da die Politik \u201eeine der wertvollsten Formen der N\u00e4chstenliebe\u201c ist,Da die Ungerechtigkeit uns emp\u00f6rt und die Gleichg\u00fcltigkeit uns traurig macht,Da wir","robots":{"index":"index","follow":"follow","max-snippet":"max-snippet:-1","max-image-preview":"max-image-preview:large","max-video-preview":"max-video-preview:-1"},"canonical":"https:\/\/fraternite-politique.chemin-neuf.org\/de\/wer-sind-wir\/manifesto\/","og_locale":"de_DE","og_type":"article","og_title":"Manifesto der Politics Fraternity - Politics Fraternity Chemin Neuf Community","og_description":"Da die Politik \u201eeine der wertvollsten Formen der N\u00e4chstenliebe\u201c ist,Da die Ungerechtigkeit uns emp\u00f6rt und die Gleichg\u00fcltigkeit uns traurig macht,Da wir","og_url":"https:\/\/fraternite-politique.chemin-neuf.org\/de\/wer-sind-wir\/manifesto\/","og_site_name":"Politics Fraternity Chemin Neuf Community","article_publisher":"https:\/\/www.facebook.com\/fratpolitiqueccn","article_modified_time":"2022-03-15T16:38:20+00:00","og_image":[{"width":1800,"height":1350,"url":"https:\/\/fraternite-politique.chemin-neuf.org\/wp-content\/uploads\/2022\/02\/57c54b90245640c3018d1337open-book-1428428_1920.jpg","type":"image\/jpeg"}],"twitter_card":"summary_large_image","twitter_misc":{"Gesch\u00e4tzte Lesezeit":"2\u00a0Minuten"},"schema":{"@context":"https:\/\/schema.org","@graph":[{"@type":"WebPage","@id":"https:\/\/fraternite-politique.chemin-neuf.org\/de\/wer-sind-wir\/manifesto\/","url":"https:\/\/fraternite-politique.chemin-neuf.org\/de\/wer-sind-wir\/manifesto\/","name":"Manifesto der Politics Fraternity - Politics Fraternity Chemin Neuf Community","isPartOf":{"@id":"https:\/\/fraternite-politique.chemin-neuf.org\/de\/#website"},"primaryImageOfPage":{"@id":"https:\/\/fraternite-politique.chemin-neuf.org\/de\/wer-sind-wir\/manifesto\/#primaryimage"},"image":{"@id":"https:\/\/fraternite-politique.chemin-neuf.org\/de\/wer-sind-wir\/manifesto\/#primaryimage"},"thumbnailUrl":"https:\/\/fraternite-politique.chemin-neuf.org\/wp-content\/uploads\/2022\/02\/57c54b90245640c3018d1337open-book-1428428_1920.jpg","datePublished":"2021-02-06T13:45:59+00:00","dateModified":"2022-03-15T16:38:20+00:00","description":"Da die Politik \u201eeine der wertvollsten Formen der N\u00e4chstenliebe\u201c ist,Da die Ungerechtigkeit uns emp\u00f6rt und die Gleichg\u00fcltigkeit uns traurig macht,Da wir","breadcrumb":{"@id":"https:\/\/fraternite-politique.chemin-neuf.org\/de\/wer-sind-wir\/manifesto\/#breadcrumb"},"inLanguage":"de","potentialAction":[{"@type":"ReadAction","target":["https:\/\/fraternite-politique.chemin-neuf.org\/de\/wer-sind-wir\/manifesto\/"]}]},{"@type":"ImageObject","inLanguage":"de","@id":"https:\/\/fraternite-politique.chemin-neuf.org\/de\/wer-sind-wir\/manifesto\/#primaryimage","url":"https:\/\/fraternite-politique.chemin-neuf.org\/wp-content\/uploads\/2022\/02\/57c54b90245640c3018d1337open-book-1428428_1920.jpg","contentUrl":"https:\/\/fraternite-politique.chemin-neuf.org\/wp-content\/uploads\/2022\/02\/57c54b90245640c3018d1337open-book-1428428_1920.jpg","width":1800,"height":1350},{"@type":"BreadcrumbList","@id":"https:\/\/fraternite-politique.chemin-neuf.org\/de\/wer-sind-wir\/manifesto\/#breadcrumb","itemListElement":[{"@type":"ListItem","position":1,"name":"Home","item":"https:\/\/fraternite-politique.chemin-neuf.org\/de\/"},{"@type":"ListItem","position":2,"name":"Manifesto der Politics Fraternity"}]},{"@type":"WebSite","@id":"https:\/\/fraternite-politique.chemin-neuf.org\/de\/#website","url":"https:\/\/fraternite-politique.chemin-neuf.org\/de\/","name":"Politics Fraternity Chemin Neuf Community","description":"Politics Fraternity of Chemin Neuf Community","publisher":{"@id":"https:\/\/fraternite-politique.chemin-neuf.org\/de\/#organization"},"potentialAction":[{"@type":"SearchAction","target":{"@type":"EntryPoint","urlTemplate":"https:\/\/fraternite-politique.chemin-neuf.org\/de\/?s={search_term_string}"},"query-input":{"@type":"PropertyValueSpecification","valueRequired":true,"valueName":"search_term_string"}}],"inLanguage":"de"},{"@type":"Organization","@id":"https:\/\/fraternite-politique.chemin-neuf.org\/de\/#organization","name":"Fraternit\u00e9 Politique Communaut\u00e9 du Chemin Neuf","url":"https:\/\/fraternite-politique.chemin-neuf.org\/de\/","logo":{"@type":"ImageObject","inLanguage":"de","@id":"https:\/\/fraternite-politique.chemin-neuf.org\/de\/#\/schema\/logo\/image\/","url":"https:\/\/fraternite-politique.chemin-neuf.org\/wp-content\/uploads\/2021\/02\/cropped-ccn-png-onglet-site-v3-large.png","contentUrl":"https:\/\/fraternite-politique.chemin-neuf.org\/wp-content\/uploads\/2021\/02\/cropped-ccn-png-onglet-site-v3-large.png","width":512,"height":512,"caption":"Fraternit\u00e9 Politique Communaut\u00e9 du Chemin Neuf"},"image":{"@id":"https:\/\/fraternite-politique.chemin-neuf.org\/de\/#\/schema\/logo\/image\/"},"sameAs":["https:\/\/www.facebook.com\/fratpolitiqueccn","https:\/\/instagram.com\/fratpo","https:\/\/www.youtube.com\/channel\/UC6YodqkqOIniLyqOfjMLojw"]}]}},"_links":{"self":[{"href":"https:\/\/fraternite-politique.chemin-neuf.org\/de\/wp-json\/wp\/v2\/pages\/6136","targetHints":{"allow":["GET"]}}],"collection":[{"href":"https:\/\/fraternite-politique.chemin-neuf.org\/de\/wp-json\/wp\/v2\/pages"}],"about":[{"href":"https:\/\/fraternite-politique.chemin-neuf.org\/de\/wp-json\/wp\/v2\/types\/page"}],"author":[{"embeddable":true,"href":"https:\/\/fraternite-politique.chemin-neuf.org\/de\/wp-json\/wp\/v2\/users\/6"}],"replies":[{"embeddable":true,"href":"https:\/\/fraternite-politique.chemin-neuf.org\/de\/wp-json\/wp\/v2\/comments?post=6136"}],"version-history":[{"count":6,"href":"https:\/\/fraternite-politique.chemin-neuf.org\/de\/wp-json\/wp\/v2\/pages\/6136\/revisions"}],"predecessor-version":[{"id":6146,"href":"https:\/\/fraternite-politique.chemin-neuf.org\/de\/wp-json\/wp\/v2\/pages\/6136\/revisions\/6146"}],"up":[{"embeddable":true,"href":"https:\/\/fraternite-politique.chemin-neuf.org\/de\/wp-json\/wp\/v2\/pages\/6371"}],"wp:featuredmedia":[{"embeddable":true,"href":"https:\/\/fraternite-politique.chemin-neuf.org\/de\/wp-json\/wp\/v2\/media\/5259"}],"wp:attachment":[{"href":"https:\/\/fraternite-politique.chemin-neuf.org\/de\/wp-json\/wp\/v2\/media?parent=6136"}],"curies":[{"name":"wp","href":"https:\/\/api.w.org\/{rel}","templated":true}]}}